{"id":1001,"date":"2024-03-02T06:30:55","date_gmt":"2024-03-02T06:30:55","guid":{"rendered":"https:\/\/gdimalat.com.tr\/?page_id=1001"},"modified":"2024-12-08T23:20:02","modified_gmt":"2024-12-08T23:20:02","slug":"iletisim","status":"publish","type":"page","link":"https:\/\/gdimalat.com.tr\/en\/iletisim\/","title":{"rendered":"\u0130leti\u015fim"},"content":{"rendered":"<div class=\"wpb-content-wrapper\"><p>[vc_row][vc_column width=&#8221;1\/2&#8243;][vc_text_separator title=&#8221;\u0130leti\u015fim Bilgilerimiz&#8221;][vc_empty_space height=&#8221;10&#8243;][vc_column_text]<span style=\"color: #000000;\"><strong>Adres:<\/strong> Gaye Sanayi Sitesi Bozkaya Sokak No:1 S\u00f6ke AYDIN &#8211; T\u00dcRK\u0130YE<\/span><br \/>\n<span style=\"color: #000000;\"><strong>Telefon:<\/strong> +90 506 324 16 46<\/span><br \/>\n<span style=\"color: #000000;\"><strong>E-Posta:<\/strong> <a href=\"mailto:info@gdimalat.com.tr\">info@gdimalat.com.tr<\/a><\/span>[\/vc_column_text][vc_empty_space height=&#8221;10&#8243;][vc_text_separator title=&#8221;Adres Tarifi&#8221;][vc_empty_space height=&#8221;10&#8243;][vc_gmaps link=&#8221;#E-8_JTNDaWZyYW1lJTIwc3JjJTNEJTIyaHR0cHMlM0ElMkYlMkZ3d3cuZ29vZ2xlLmNvbSUyRm1hcHMlMkZlbWJlZCUzRnBiJTNEJTIxMW0xOCUyMTFtMTIlMjExbTMlMjExZDMxNTMuNjE3MDI0MTA5NjU0MyUyMTJkMjcuNDQ4NTM3MDc3MTUwMzk4JTIxM2QzNy43NzU1NzcyMTIxMTE0OCUyMTJtMyUyMTFmMCUyMTJmMCUyMTNmMCUyMTNtMiUyMTFpMTAyNCUyMTJpNzY4JTIxNGYxMy4xJTIxM20zJTIxMW0yJTIxMXMweDE0YmViMTA0MzU1NzRlNGQlMjUzQTB4NjQxZjhmYjdhYzA1OTI4NCUyMTJ6UjBRZ3hMQnRZV3hoZEN3Z1ZHOXlibUVzSUUxaGEybHVaU3dnVkdGc1ljV2ZiTVN4SUV0bGMybHUlMjE1ZTAlMjEzbTIlMjExc3RyJTIxMnN0ciUyMTR2MTczMzY5OTk3NTUxMiUyMTVtMiUyMTFzdHIlMjEyc3RyJTIyJTIwd2lkdGglM0QlMjI2MDAlMjIlMjBoZWlnaHQlM0QlMjI0NTAlMjIlMjBzdHlsZSUzRCUyMmJvcmRlciUzQTAlM0IlMjIlMjBhbGxvd2Z1bGxzY3JlZW4lM0QlMjIlMjIlMjBsb2FkaW5nJTNEJTIybGF6eSUyMiUyMHJlZmVycmVycG9saWN5JTNEJTIybm8tcmVmZXJyZXItd2hlbi1kb3duZ3JhZGUlMjIlM0UlM0MlMkZpZnJhbWUlM0U=&#8221;][vc_empty_space height=&#8221;10&#8243;][\/vc_column][vc_column width=&#8221;1\/2&#8243;][vc_text_separator title=&#8221;\u0130leti\u015fim Formu&#8221;][vc_empty_space height=&#8221;10&#8243;]\n<div class=\"wpcf7 no-js\" id=\"wpcf7-f11-o1\" lang=\"tr-TR\" dir=\"ltr\" data-wpcf7-id=\"11\">\n<div class=\"screen-reader-response\"><p role=\"status\" aria-live=\"polite\" aria-atomic=\"true\"><\/p> <ul><\/ul><\/div>\n<form action=\"\/en\/wp-json\/wp\/v2\/pages\/1001#wpcf7-f11-o1\" method=\"post\" class=\"wpcf7-form init\" aria-label=\"\u0130leti\u015fim Formu\" novalidate=\"novalidate\" data-status=\"init\">\n<div style=\"display: none;\">\n<input type=\"hidden\" name=\"_wpcf7\" value=\"11\" \/>\n<input type=\"hidden\" name=\"_wpcf7_version\" value=\"6.0.1\" \/>\n<input type=\"hidden\" name=\"_wpcf7_locale\" value=\"tr_TR\" \/>\n<input type=\"hidden\" name=\"_wpcf7_unit_tag\" value=\"wpcf7-f11-o1\" \/>\n<input type=\"hidden\" name=\"_wpcf7_container_post\" value=\"0\" \/>\n<input type=\"hidden\" name=\"_wpcf7_posted_data_hash\" value=\"\" \/>\n<input type=\"hidden\" name=\"lang\" value=\"en\" \/>\n<\/div>\n<p><label> Ad\u0131n\u0131z<br \/>\n<span class=\"wpcf7-form-control-wrap\" data-name=\"your-name\"><input size=\"40\" maxlength=\"400\" class=\"wpcf7-form-control wpcf7-text wpcf7-validates-as-required\" autocomplete=\"name\" aria-required=\"true\" aria-invalid=\"false\" value=\"\" type=\"text\" name=\"your-name\" \/><\/span> <\/label>\n<\/p>\n<p><label> E-posta adresiniz<br \/>\n<span class=\"wpcf7-form-control-wrap\" data-name=\"your-email\"><input size=\"40\" maxlength=\"400\" class=\"wpcf7-form-control wpcf7-email wpcf7-validates-as-required wpcf7-text wpcf7-validates-as-email\" autocomplete=\"email\" aria-required=\"true\" aria-invalid=\"false\" value=\"\" type=\"email\" name=\"your-email\" \/><\/span> <\/label>\n<\/p>\n<p><label> Konu<br \/>\n<span class=\"wpcf7-form-control-wrap\" data-name=\"your-subject\"><input size=\"40\" maxlength=\"400\" class=\"wpcf7-form-control wpcf7-text wpcf7-validates-as-required\" aria-required=\"true\" aria-invalid=\"false\" value=\"\" type=\"text\" name=\"your-subject\" \/><\/span> <\/label>\n<\/p>\n<p><label> \u0130letiniz (tercihe ba\u011fl\u0131)<br \/>\n<span class=\"wpcf7-form-control-wrap\" data-name=\"your-message\"><textarea cols=\"40\" rows=\"10\" maxlength=\"2000\" class=\"wpcf7-form-control wpcf7-textarea\" aria-invalid=\"false\" name=\"your-message\"><\/textarea><\/span> <\/label>\n<\/p>\n<p><input class=\"wpcf7-form-control wpcf7-submit has-spinner\" type=\"submit\" value=\"G\u00f6nder\" \/>\n<\/p><div class=\"wpcf7-response-output\" aria-hidden=\"true\"><\/div>\n<\/form>\n<\/div>\n[vc_empty_space height=&#8221;10&#8243;][\/vc_column][\/vc_row]<\/p>\n<\/div>","protected":false},"excerpt":{"rendered":"<p>[vc_row][vc_column width=&#8221;1\/2&#8243;][vc_text_separator title=&#8221;\u0130leti\u015fim Bilgilerimiz&#8221;][vc_empty_space height=&#8221;10&#8243;][vc_column_text]Adres: Gaye Sanayi Sitesi Bozkaya Sokak No:1 S\u00f6ke AYDIN &#8211; T\u00dcRK\u0130YE Telefon: +90 506 324 16 46 E-Posta: info@gdimalat.com.tr[\/vc_column_text][vc_empty_space height=&#8221;10&#8243;][vc_text_separator title=&#8221;Adres Tarifi&#8221;][vc_empty_space height=&#8221;10&#8243;][vc_gmaps link=&#8221;#E-8_JTNDaWZyYW1lJTIwc3JjJTNEJTIyaHR0cHMlM0ElMkYlMkZ3d3cuZ29vZ2xlLmNvbSUyRm1hcHMlMkZlbWJlZCUzRnBiJTNEJTIxMW0xOCUyMTFtMTIlMjExbTMlMjExZDMxNTMuNjE3MDI0MTA5NjU0MyUyMTJkMjcuNDQ4NTM3MDc3MTUwMzk4JTIxM2QzNy43NzU1NzcyMTIxMTE0OCUyMTJtMyUyMTFmMCUyMTJmMCUyMTNmMCUyMTNtMiUyMTFpMTAyNCUyMTJpNzY4JTIxNGYxMy4xJTIxM20zJTIxMW0yJTIxMXMweDE0YmViMTA0MzU1NzRlNGQlMjUzQTB4NjQxZjhmYjdhYzA1OTI4NCUyMTJ6UjBRZ3hMQnRZV3hoZEN3Z1ZHOXlibUVzSUUxaGEybHVaU3dnVkdGc1ljV2ZiTVN4SUV0bGMybHUlMjE1ZTAlMjEzbTIlMjExc3RyJTIxMnN0ciUyMTR2MTczMzY5OTk3NTUxMiUyMTVtMiUyMTFzdHIlMjEyc3RyJTIyJTIwd2lkdGglM0QlMjI2MDAlMjIlMjBoZWlnaHQlM0QlMjI0NTAlMjIlMjBzdHlsZSUzRCUyMmJvcmRlciUzQTAlM0IlMjIlMjBhbGxvd2Z1bGxzY3JlZW4lM0QlMjIlMjIlMjBsb2FkaW5nJTNEJTIybGF6eSUyMiUyMHJlZmVycmVycG9saWN5JTNEJTIybm8tcmVmZXJyZXItd2hlbi1kb3duZ3JhZGUlMjIlM0UlM0MlMkZpZnJhbWUlM0U=&#8221;][vc_empty_space height=&#8221;10&#8243;][\/vc_column][vc_column width=&#8221;1\/2&#8243;][vc_text_separator title=&#8221;\u0130leti\u015fim Formu&#8221;][vc_empty_space height=&#8221;10&#8243;][vc_empty_space height=&#8221;10&#8243;][\/vc_column][\/vc_row]<\/p>\n","protected":false},"author":1,"featured_media":0,"parent":0,"menu_order":0,"comment_status":"closed","ping_status":"closed","template":"","meta":{"footnotes":""},"class_list":["post-1001","page","type-page","status-publish","hentry"],"yoast_head":"<!-- This site is optimized with the Yoast SEO plugin v24.1 - https:\/\/yoast.com\/wordpress\/plugins\/seo\/ -->\n<title>\u0130leti\u015fim - GD \u0130malat | Torna<\/title>\n<meta name=\"robots\" content=\"index, follow, max-snippet:-1, max-image-preview:large, max-video-preview:-1\" \/>\n<link rel=\"canonical\" href=\"https:\/\/gdimalat.com.tr\/en\/iletisim\/\" \/>\n<meta property=\"og:locale\" content=\"en_US\" \/>\n<meta property=\"og:locale:alternate\" content=\"tr_TR\" \/>\n<meta property=\"og:type\" content=\"article\" \/>\n<meta property=\"og:title\" content=\"\u0130leti\u015fim - GD \u0130malat | Torna\" \/>\n<meta property=\"og:description\" content=\"[vc_row][vc_column width=&#8221;1\/2&#8243;][vc_text_separator title=&#8221;\u0130leti\u015fim Bilgilerimiz&#8221;][vc_empty_space height=&#8221;10&#8243;][vc_column_text]Adres: Gaye Sanayi Sitesi Bozkaya Sokak No:1 S\u00f6ke AYDIN &#8211; T\u00dcRK\u0130YE Telefon: +90 506 324 16 46 E-Posta: info@gdimalat.com.tr[\/vc_column_text][vc_empty_space height=&#8221;10&#8243;][vc_text_separator title=&#8221;Adres Tarifi&#8221;][vc_empty_space height=&#8221;10&#8243;][vc_gmaps link=&#8221;#E-8_JTNDaWZyYW1lJTIwc3JjJTNEJTIyaHR0cHMlM0ElMkYlMkZ3d3cuZ29vZ2xlLmNvbSUyRm1hcHMlMkZlbWJlZCUzRnBiJTNEJTIxMW0xOCUyMTFtMTIlMjExbTMlMjExZDMxNTMuNjE3MDI0MTA5NjU0MyUyMTJkMjcuNDQ4NTM3MDc3MTUwMzk4JTIxM2QzNy43NzU1NzcyMTIxMTE0OCUyMTJtMyUyMTFmMCUyMTJmMCUyMTNmMCUyMTNtMiUyMTFpMTAyNCUyMTJpNzY4JTIxNGYxMy4xJTIxM20zJTIxMW0yJTIxMXMweDE0YmViMTA0MzU1NzRlNGQlMjUzQTB4NjQxZjhmYjdhYzA1OTI4NCUyMTJ6UjBRZ3hMQnRZV3hoZEN3Z1ZHOXlibUVzSUUxaGEybHVaU3dnVkdGc1ljV2ZiTVN4SUV0bGMybHUlMjE1ZTAlMjEzbTIlMjExc3RyJTIxMnN0ciUyMTR2MTczMzY5OTk3NTUxMiUyMTVtMiUyMTFzdHIlMjEyc3RyJTIyJTIwd2lkdGglM0QlMjI2MDAlMjIlMjBoZWlnaHQlM0QlMjI0NTAlMjIlMjBzdHlsZSUzRCUyMmJvcmRlciUzQTAlM0IlMjIlMjBhbGxvd2Z1bGxzY3JlZW4lM0QlMjIlMjIlMjBsb2FkaW5nJTNEJTIybGF6eSUyMiUyMHJlZmVycmVycG9saWN5JTNEJTIybm8tcmVmZXJyZXItd2hlbi1kb3duZ3JhZGUlMjIlM0UlM0MlMkZpZnJhbWUlM0U=&#8221;][vc_empty_space height=&#8221;10&#8243;][\/vc_column][vc_column width=&#8221;1\/2&#8243;][vc_text_separator title=&#8221;\u0130leti\u015fim Formu&#8221;][vc_empty_space height=&#8221;10&#8243;][vc_empty_space height=&#8221;10&#8243;][\/vc_column][\/vc_row]\" \/>\n<meta property=\"og:url\" content=\"https:\/\/gdimalat.com.tr\/en\/iletisim\/\" \/>\n<meta property=\"og:site_name\" content=\"GD \u0130malat | Torna\" \/>\n<meta property=\"article:modified_time\" content=\"2024-12-08T23:20:02+00:00\" \/>\n<meta name=\"twitter:card\" content=\"summary_large_image\" \/>\n<meta name=\"twitter:label1\" content=\"Est. reading time\" \/>\n\t<meta name=\"twitter:data1\" content=\"1 minute\" \/>\n<script type=\"application\/ld+json\" class=\"yoast-schema-graph\">{\"@context\":\"https:\/\/schema.org\",\"@graph\":[{\"@type\":\"WebPage\",\"@id\":\"https:\/\/gdimalat.com.tr\/iletisim\/\",\"url\":\"https:\/\/gdimalat.com.tr\/iletisim\/\",\"name\":\"\u0130leti\u015fim - GD \u0130malat | Torna\",\"isPartOf\":{\"@id\":\"https:\/\/gdimalat.com.tr\/en\/#website\"},\"datePublished\":\"2024-03-02T06:30:55+00:00\",\"dateModified\":\"2024-12-08T23:20:02+00:00\",\"breadcrumb\":{\"@id\":\"https:\/\/gdimalat.com.tr\/iletisim\/#breadcrumb\"},\"inLanguage\":\"en-US\",\"potentialAction\":[{\"@type\":\"ReadAction\",\"target\":[\"https:\/\/gdimalat.com.tr\/iletisim\/\"]}]},{\"@type\":\"BreadcrumbList\",\"@id\":\"https:\/\/gdimalat.com.tr\/iletisim\/#breadcrumb\",\"itemListElement\":[{\"@type\":\"ListItem\",\"position\":1,\"name\":\"Anasayfa\",\"item\":\"https:\/\/gdimalat.com.tr\/\"},{\"@type\":\"ListItem\",\"position\":2,\"name\":\"\u0130leti\u015fim\"}]},{\"@type\":\"WebSite\",\"@id\":\"https:\/\/gdimalat.com.tr\/en\/#website\",\"url\":\"https:\/\/gdimalat.com.tr\/en\/\",\"name\":\"GD \u0130malat | Torna\",\"description\":\"S\u00f6ke Torna \u0130\u015fleme | Tala\u015fl\u0131 \u0130malat | Y\u00fczey \u0130\u015flemleri\",\"publisher\":{\"@id\":\"https:\/\/gdimalat.com.tr\/en\/#organization\"},\"potentialAction\":[{\"@type\":\"SearchAction\",\"target\":{\"@type\":\"EntryPoint\",\"urlTemplate\":\"https:\/\/gdimalat.com.tr\/en\/?s={search_term_string}\"},\"query-input\":{\"@type\":\"PropertyValueSpecification\",\"valueRequired\":true,\"valueName\":\"search_term_string\"}}],\"inLanguage\":\"en-US\"},{\"@type\":\"Organization\",\"@id\":\"https:\/\/gdimalat.com.tr\/en\/#organization\",\"name\":\"GD \u0130malat | Torna\",\"url\":\"https:\/\/gdimalat.com.tr\/en\/\",\"logo\":{\"@type\":\"ImageObject\",\"inLanguage\":\"en-US\",\"@id\":\"https:\/\/gdimalat.com.tr\/en\/#\/schema\/logo\/image\/\",\"url\":\"https:\/\/gdimalat.com.tr\/wp-content\/uploads\/2024\/12\/gd-imalat-torna-mobil-logo.png\",\"contentUrl\":\"https:\/\/gdimalat.com.tr\/wp-content\/uploads\/2024\/12\/gd-imalat-torna-mobil-logo.png\",\"width\":300,\"height\":78,\"caption\":\"GD \u0130malat | Torna\"},\"image\":{\"@id\":\"https:\/\/gdimalat.com.tr\/en\/#\/schema\/logo\/image\/\"}}]}<\/script>\n<!-- \/ Yoast SEO plugin. -->","yoast_head_json":{"title":"\u0130leti\u015fim - GD \u0130malat | Torna","robots":{"index":"index","follow":"follow","max-snippet":"max-snippet:-1","max-image-preview":"max-image-preview:large","max-video-preview":"max-video-preview:-1"},"canonical":"https:\/\/gdimalat.com.tr\/en\/iletisim\/","og_locale":"en_US","og_type":"article","og_title":"\u0130leti\u015fim - GD \u0130malat | Torna","og_description":"[vc_row][vc_column width=&#8221;1\/2&#8243;][vc_text_separator title=&#8221;\u0130leti\u015fim Bilgilerimiz&#8221;][vc_empty_space height=&#8221;10&#8243;][vc_column_text]Adres: Gaye Sanayi Sitesi Bozkaya Sokak No:1 S\u00f6ke AYDIN &#8211; T\u00dcRK\u0130YE Telefon: +90 506 324 16 46 E-Posta: info@gdimalat.com.tr[\/vc_column_text][vc_empty_space height=&#8221;10&#8243;][vc_text_separator title=&#8221;Adres Tarifi&#8221;][vc_empty_space height=&#8221;10&#8243;][vc_gmaps link=&#8221;#E-8_JTNDaWZyYW1lJTIwc3JjJTNEJTIyaHR0cHMlM0ElMkYlMkZ3d3cuZ29vZ2xlLmNvbSUyRm1hcHMlMkZlbWJlZCUzRnBiJTNEJTIxMW0xOCUyMTFtMTIlMjExbTMlMjExZDMxNTMuNjE3MDI0MTA5NjU0MyUyMTJkMjcuNDQ4NTM3MDc3MTUwMzk4JTIxM2QzNy43NzU1NzcyMTIxMTE0OCUyMTJtMyUyMTFmMCUyMTJmMCUyMTNmMCUyMTNtMiUyMTFpMTAyNCUyMTJpNzY4JTIxNGYxMy4xJTIxM20zJTIxMW0yJTIxMXMweDE0YmViMTA0MzU1NzRlNGQlMjUzQTB4NjQxZjhmYjdhYzA1OTI4NCUyMTJ6UjBRZ3hMQnRZV3hoZEN3Z1ZHOXlibUVzSUUxaGEybHVaU3dnVkdGc1ljV2ZiTVN4SUV0bGMybHUlMjE1ZTAlMjEzbTIlMjExc3RyJTIxMnN0ciUyMTR2MTczMzY5OTk3NTUxMiUyMTVtMiUyMTFzdHIlMjEyc3RyJTIyJTIwd2lkdGglM0QlMjI2MDAlMjIlMjBoZWlnaHQlM0QlMjI0NTAlMjIlMjBzdHlsZSUzRCUyMmJvcmRlciUzQTAlM0IlMjIlMjBhbGxvd2Z1bGxzY3JlZW4lM0QlMjIlMjIlMjBsb2FkaW5nJTNEJTIybGF6eSUyMiUyMHJlZmVycmVycG9saWN5JTNEJTIybm8tcmVmZXJyZXItd2hlbi1kb3duZ3JhZGUlMjIlM0UlM0MlMkZpZnJhbWUlM0U=&#8221;][vc_empty_space height=&#8221;10&#8243;][\/vc_column][vc_column width=&#8221;1\/2&#8243;][vc_text_separator title=&#8221;\u0130leti\u015fim Formu&#8221;][vc_empty_space height=&#8221;10&#8243;][vc_empty_space height=&#8221;10&#8243;][\/vc_column][\/vc_row]","og_url":"https:\/\/gdimalat.com.tr\/en\/iletisim\/","og_site_name":"GD \u0130malat | Torna","article_modified_time":"2024-12-08T23:20:02+00:00","twitter_card":"summary_large_image","twitter_misc":{"Est. reading time":"1 minute"},"schema":{"@context":"https:\/\/schema.org","@graph":[{"@type":"WebPage","@id":"https:\/\/gdimalat.com.tr\/iletisim\/","url":"https:\/\/gdimalat.com.tr\/iletisim\/","name":"\u0130leti\u015fim - GD \u0130malat | Torna","isPartOf":{"@id":"https:\/\/gdimalat.com.tr\/en\/#website"},"datePublished":"2024-03-02T06:30:55+00:00","dateModified":"2024-12-08T23:20:02+00:00","breadcrumb":{"@id":"https:\/\/gdimalat.com.tr\/iletisim\/#breadcrumb"},"inLanguage":"en-US","potentialAction":[{"@type":"ReadAction","target":["https:\/\/gdimalat.com.tr\/iletisim\/"]}]},{"@type":"BreadcrumbList","@id":"https:\/\/gdimalat.com.tr\/iletisim\/#breadcrumb","itemListElement":[{"@type":"ListItem","position":1,"name":"Anasayfa","item":"https:\/\/gdimalat.com.tr\/"},{"@type":"ListItem","position":2,"name":"\u0130leti\u015fim"}]},{"@type":"WebSite","@id":"https:\/\/gdimalat.com.tr\/en\/#website","url":"https:\/\/gdimalat.com.tr\/en\/","name":"GD \u0130malat | Torna","description":"S\u00f6ke Torna \u0130\u015fleme | Tala\u015fl\u0131 \u0130malat | Y\u00fczey \u0130\u015flemleri","publisher":{"@id":"https:\/\/gdimalat.com.tr\/en\/#organization"},"potentialAction":[{"@type":"SearchAction","target":{"@type":"EntryPoint","urlTemplate":"https:\/\/gdimalat.com.tr\/en\/?s={search_term_string}"},"query-input":{"@type":"PropertyValueSpecification","valueRequired":true,"valueName":"search_term_string"}}],"inLanguage":"en-US"},{"@type":"Organization","@id":"https:\/\/gdimalat.com.tr\/en\/#organization","name":"GD \u0130malat | Torna","url":"https:\/\/gdimalat.com.tr\/en\/","logo":{"@type":"ImageObject","inLanguage":"en-US","@id":"https:\/\/gdimalat.com.tr\/en\/#\/schema\/logo\/image\/","url":"https:\/\/gdimalat.com.tr\/wp-content\/uploads\/2024\/12\/gd-imalat-torna-mobil-logo.png","contentUrl":"https:\/\/gdimalat.com.tr\/wp-content\/uploads\/2024\/12\/gd-imalat-torna-mobil-logo.png","width":300,"height":78,"caption":"GD \u0130malat | Torna"},"image":{"@id":"https:\/\/gdimalat.com.tr\/en\/#\/schema\/logo\/image\/"}}]}},"_links":{"self":[{"href":"https:\/\/gdimalat.com.tr\/en\/wp-json\/wp\/v2\/pages\/1001","targetHints":{"allow":["GET"]}}],"collection":[{"href":"https:\/\/gdimalat.com.tr\/en\/wp-json\/wp\/v2\/pages"}],"about":[{"href":"https:\/\/gdimalat.com.tr\/en\/wp-json\/wp\/v2\/types\/page"}],"author":[{"embeddable":true,"href":"https:\/\/gdimalat.com.tr\/en\/wp-json\/wp\/v2\/users\/1"}],"replies":[{"embeddable":true,"href":"https:\/\/gdimalat.com.tr\/en\/wp-json\/wp\/v2\/comments?post=1001"}],"version-history":[{"count":5,"href":"https:\/\/gdimalat.com.tr\/en\/wp-json\/wp\/v2\/pages\/1001\/revisions"}],"predecessor-version":[{"id":1054,"href":"https:\/\/gdimalat.com.tr\/en\/wp-json\/wp\/v2\/pages\/1001\/revisions\/1054"}],"wp:attachment":[{"href":"https:\/\/gdimalat.com.tr\/en\/wp-json\/wp\/v2\/media?parent=1001"}],"curies":[{"name":"wp","href":"https:\/\/api.w.org\/{rel}","templated":true}]}}