{"id":1002,"date":"2024-03-02T06:32:43","date_gmt":"2024-03-02T06:32:43","guid":{"rendered":"https:\/\/gdimalat.com.tr\/?page_id=1002"},"modified":"2024-12-10T01:58:02","modified_gmt":"2024-12-10T01:58:02","slug":"hakkimizda","status":"publish","type":"page","link":"https:\/\/gdimalat.com.tr\/en\/hakkimizda\/","title":{"rendered":"Hakk\u0131m\u0131zda"},"content":{"rendered":"<div class=\"wpb-content-wrapper\"><p>[vc_row][vc_column width=&#8221;1\/3&#8243;][vc_single_image image=&#8221;1077&#8243; img_size=&#8221;full&#8221; alignment=&#8221;center&#8221;][vc_empty_space height=&#8221;15&#8243;][\/vc_column][vc_column width=&#8221;2\/3&#8243;][vc_column_text]<span style=\"color: #000000;\"><strong>GD \u0130malat<\/strong>, sekt\u00f6r\u00fcn CNC \u0130\u015fleme, tala\u015fl\u0131 imalat, y\u00fczey i\u015flemleri, lazer plazma kesim ve kaynakl\u0131 imalat ihtiya\u00e7lar\u0131n\u0131 kar\u015f\u0131lamak i\u00e7in, geli\u015fmi\u015f teknolojik ekipman ve alan\u0131nda uzman kadrosuyla, S\u00f6ke&#8217;de bulunan \u00fcretim tesisinde hizmet vermektedir. Markam\u0131z, T\u00fcrkiye\u2019nin ve d\u00fcnyan\u0131n bir \u00e7ok noktas\u0131nda hizmet g\u00f6t\u00fcrmeyi ba\u015farm\u0131\u015f, sekt\u00f6r\u00fcn yeni y\u00fckselen markalar aras\u0131nda yer almay\u0131 ba\u015fararak, her ge\u00e7en g\u00fcn portf\u00f6y\u00fcn\u00fc geni\u015fletmi\u015ftir. Zaman\u0131nda teslimat ilkesi hizmet veren GD \u0130malat, geli\u015fen teknolojiye ayak uyduran AR-GE \u00e7al\u0131\u015fmalar\u0131 ile, ekonomik ve profesyonel \u00e7\u00f6z\u00fcmlerin adresi olmaya devam etmektedir.<\/span><\/p>\n<p><span style=\"color: #000000;\">Sekt\u00f6rde hizmet veren di\u011fer markalar aras\u0131nda y\u00fckselmeyi s\u00fcrd\u00fcren ve sekt\u00f6re y\u00f6n vermek i\u00e7in yola \u00e7\u0131kan GD \u0130malat, metal i\u015fleri sekt\u00f6r\u00fcn\u00fcn \u00fclkemize ve end\u00fcstri sanayisine kazan\u0131mlar\u0131n\u0131 g\u00f6z \u00f6n\u00fcnde bulundurarak faaliyetlerini y\u00fcr\u00fctmektedir.<\/span>[\/vc_column_text][\/vc_column][vc_column][vc_empty_space height=&#8221;32&#8243;][\/vc_column][\/vc_row]<\/p>\n<\/div>","protected":false},"excerpt":{"rendered":"<p>[vc_row][vc_column width=&#8221;1\/3&#8243;][vc_single_image image=&#8221;1077&#8243; img_size=&#8221;full&#8221; alignment=&#8221;center&#8221;][vc_empty_space height=&#8221;15&#8243;][\/vc_column][vc_column width=&#8221;2\/3&#8243;][vc_column_text]GD \u0130malat, sekt\u00f6r\u00fcn CNC \u0130\u015fleme, tala\u015fl\u0131 imalat, y\u00fczey i\u015flemleri, lazer plazma kesim ve kaynakl\u0131 imalat ihtiya\u00e7lar\u0131n\u0131 kar\u015f\u0131lamak i\u00e7in, geli\u015fmi\u015f teknolojik ekipman ve alan\u0131nda uzman kadrosuyla, S\u00f6ke&#8217;de bulunan \u00fcretim tesisinde hizmet vermektedir. Markam\u0131z, T\u00fcrkiye\u2019nin ve d\u00fcnyan\u0131n bir \u00e7ok noktas\u0131nda hizmet g\u00f6t\u00fcrmeyi ba\u015farm\u0131\u015f, sekt\u00f6r\u00fcn yeni y\u00fckselen markalar aras\u0131nda yer almay\u0131 ba\u015fararak, [&hellip;]<\/p>\n","protected":false},"author":1,"featured_media":0,"parent":0,"menu_order":0,"comment_status":"closed","ping_status":"closed","template":"","meta":{"footnotes":""},"class_list":["post-1002","page","type-page","status-publish","hentry"],"yoast_head":"<!-- This site is optimized with the Yoast SEO plugin v24.1 - https:\/\/yoast.com\/wordpress\/plugins\/seo\/ -->\n<title>Hakk\u0131m\u0131zda - GD \u0130malat | Torna<\/title>\n<meta name=\"robots\" content=\"index, follow, max-snippet:-1, max-image-preview:large, max-video-preview:-1\" \/>\n<link rel=\"canonical\" href=\"https:\/\/gdimalat.com.tr\/en\/hakkimizda\/\" \/>\n<meta property=\"og:locale\" content=\"en_US\" \/>\n<meta property=\"og:locale:alternate\" content=\"tr_TR\" \/>\n<meta property=\"og:type\" content=\"article\" \/>\n<meta property=\"og:title\" content=\"Hakk\u0131m\u0131zda - GD \u0130malat | Torna\" \/>\n<meta property=\"og:description\" content=\"[vc_row][vc_column width=&#8221;1\/3&#8243;][vc_single_image image=&#8221;1077&#8243; img_size=&#8221;full&#8221; alignment=&#8221;center&#8221;][vc_empty_space height=&#8221;15&#8243;][\/vc_column][vc_column width=&#8221;2\/3&#8243;][vc_column_text]GD \u0130malat, sekt\u00f6r\u00fcn CNC \u0130\u015fleme, tala\u015fl\u0131 imalat, y\u00fczey i\u015flemleri, lazer plazma kesim ve kaynakl\u0131 imalat ihtiya\u00e7lar\u0131n\u0131 kar\u015f\u0131lamak i\u00e7in, geli\u015fmi\u015f teknolojik ekipman ve alan\u0131nda uzman kadrosuyla, S\u00f6ke&#8217;de bulunan \u00fcretim tesisinde hizmet vermektedir. Markam\u0131z, T\u00fcrkiye\u2019nin ve d\u00fcnyan\u0131n bir \u00e7ok noktas\u0131nda hizmet g\u00f6t\u00fcrmeyi ba\u015farm\u0131\u015f, sekt\u00f6r\u00fcn yeni y\u00fckselen markalar aras\u0131nda yer almay\u0131 ba\u015fararak, [&hellip;]\" \/>\n<meta property=\"og:url\" content=\"https:\/\/gdimalat.com.tr\/en\/hakkimizda\/\" \/>\n<meta property=\"og:site_name\" content=\"GD \u0130malat | Torna\" \/>\n<meta property=\"article:modified_time\" content=\"2024-12-10T01:58:02+00:00\" \/>\n<meta name=\"twitter:card\" content=\"summary_large_image\" \/>\n<meta name=\"twitter:label1\" content=\"Est. reading time\" \/>\n\t<meta name=\"twitter:data1\" content=\"1 minute\" \/>\n<script type=\"application\/ld+json\" class=\"yoast-schema-graph\">{\"@context\":\"https:\/\/schema.org\",\"@graph\":[{\"@type\":\"WebPage\",\"@id\":\"https:\/\/gdimalat.com.tr\/hakkimizda\/\",\"url\":\"https:\/\/gdimalat.com.tr\/hakkimizda\/\",\"name\":\"Hakk\u0131m\u0131zda - GD \u0130malat | Torna\",\"isPartOf\":{\"@id\":\"https:\/\/gdimalat.com.tr\/en\/#website\"},\"datePublished\":\"2024-03-02T06:32:43+00:00\",\"dateModified\":\"2024-12-10T01:58:02+00:00\",\"breadcrumb\":{\"@id\":\"https:\/\/gdimalat.com.tr\/hakkimizda\/#breadcrumb\"},\"inLanguage\":\"en-US\",\"potentialAction\":[{\"@type\":\"ReadAction\",\"target\":[\"https:\/\/gdimalat.com.tr\/hakkimizda\/\"]}]},{\"@type\":\"BreadcrumbList\",\"@id\":\"https:\/\/gdimalat.com.tr\/hakkimizda\/#breadcrumb\",\"itemListElement\":[{\"@type\":\"ListItem\",\"position\":1,\"name\":\"Anasayfa\",\"item\":\"https:\/\/gdimalat.com.tr\/\"},{\"@type\":\"ListItem\",\"position\":2,\"name\":\"Hakk\u0131m\u0131zda\"}]},{\"@type\":\"WebSite\",\"@id\":\"https:\/\/gdimalat.com.tr\/en\/#website\",\"url\":\"https:\/\/gdimalat.com.tr\/en\/\",\"name\":\"GD \u0130malat | Torna\",\"description\":\"S\u00f6ke Torna \u0130\u015fleme | Tala\u015fl\u0131 \u0130malat | Y\u00fczey \u0130\u015flemleri\",\"publisher\":{\"@id\":\"https:\/\/gdimalat.com.tr\/en\/#organization\"},\"potentialAction\":[{\"@type\":\"SearchAction\",\"target\":{\"@type\":\"EntryPoint\",\"urlTemplate\":\"https:\/\/gdimalat.com.tr\/en\/?s={search_term_string}\"},\"query-input\":{\"@type\":\"PropertyValueSpecification\",\"valueRequired\":true,\"valueName\":\"search_term_string\"}}],\"inLanguage\":\"en-US\"},{\"@type\":\"Organization\",\"@id\":\"https:\/\/gdimalat.com.tr\/en\/#organization\",\"name\":\"GD \u0130malat | Torna\",\"url\":\"https:\/\/gdimalat.com.tr\/en\/\",\"logo\":{\"@type\":\"ImageObject\",\"inLanguage\":\"en-US\",\"@id\":\"https:\/\/gdimalat.com.tr\/en\/#\/schema\/logo\/image\/\",\"url\":\"https:\/\/gdimalat.com.tr\/wp-content\/uploads\/2024\/12\/gd-imalat-torna-mobil-logo.png\",\"contentUrl\":\"https:\/\/gdimalat.com.tr\/wp-content\/uploads\/2024\/12\/gd-imalat-torna-mobil-logo.png\",\"width\":300,\"height\":78,\"caption\":\"GD \u0130malat | Torna\"},\"image\":{\"@id\":\"https:\/\/gdimalat.com.tr\/en\/#\/schema\/logo\/image\/\"}}]}<\/script>\n<!-- \/ Yoast SEO plugin. -->","yoast_head_json":{"title":"Hakk\u0131m\u0131zda - GD \u0130malat | Torna","robots":{"index":"index","follow":"follow","max-snippet":"max-snippet:-1","max-image-preview":"max-image-preview:large","max-video-preview":"max-video-preview:-1"},"canonical":"https:\/\/gdimalat.com.tr\/en\/hakkimizda\/","og_locale":"en_US","og_type":"article","og_title":"Hakk\u0131m\u0131zda - GD \u0130malat | Torna","og_description":"[vc_row][vc_column width=&#8221;1\/3&#8243;][vc_single_image image=&#8221;1077&#8243; img_size=&#8221;full&#8221; alignment=&#8221;center&#8221;][vc_empty_space height=&#8221;15&#8243;][\/vc_column][vc_column width=&#8221;2\/3&#8243;][vc_column_text]GD \u0130malat, sekt\u00f6r\u00fcn CNC \u0130\u015fleme, tala\u015fl\u0131 imalat, y\u00fczey i\u015flemleri, lazer plazma kesim ve kaynakl\u0131 imalat ihtiya\u00e7lar\u0131n\u0131 kar\u015f\u0131lamak i\u00e7in, geli\u015fmi\u015f teknolojik ekipman ve alan\u0131nda uzman kadrosuyla, S\u00f6ke&#8217;de bulunan \u00fcretim tesisinde hizmet vermektedir. Markam\u0131z, T\u00fcrkiye\u2019nin ve d\u00fcnyan\u0131n bir \u00e7ok noktas\u0131nda hizmet g\u00f6t\u00fcrmeyi ba\u015farm\u0131\u015f, sekt\u00f6r\u00fcn yeni y\u00fckselen markalar aras\u0131nda yer almay\u0131 ba\u015fararak, [&hellip;]","og_url":"https:\/\/gdimalat.com.tr\/en\/hakkimizda\/","og_site_name":"GD \u0130malat | Torna","article_modified_time":"2024-12-10T01:58:02+00:00","twitter_card":"summary_large_image","twitter_misc":{"Est. reading time":"1 minute"},"schema":{"@context":"https:\/\/schema.org","@graph":[{"@type":"WebPage","@id":"https:\/\/gdimalat.com.tr\/hakkimizda\/","url":"https:\/\/gdimalat.com.tr\/hakkimizda\/","name":"Hakk\u0131m\u0131zda - GD \u0130malat | Torna","isPartOf":{"@id":"https:\/\/gdimalat.com.tr\/en\/#website"},"datePublished":"2024-03-02T06:32:43+00:00","dateModified":"2024-12-10T01:58:02+00:00","breadcrumb":{"@id":"https:\/\/gdimalat.com.tr\/hakkimizda\/#breadcrumb"},"inLanguage":"en-US","potentialAction":[{"@type":"ReadAction","target":["https:\/\/gdimalat.com.tr\/hakkimizda\/"]}]},{"@type":"BreadcrumbList","@id":"https:\/\/gdimalat.com.tr\/hakkimizda\/#breadcrumb","itemListElement":[{"@type":"ListItem","position":1,"name":"Anasayfa","item":"https:\/\/gdimalat.com.tr\/"},{"@type":"ListItem","position":2,"name":"Hakk\u0131m\u0131zda"}]},{"@type":"WebSite","@id":"https:\/\/gdimalat.com.tr\/en\/#website","url":"https:\/\/gdimalat.com.tr\/en\/","name":"GD \u0130malat | Torna","description":"S\u00f6ke Torna \u0130\u015fleme | Tala\u015fl\u0131 \u0130malat | Y\u00fczey \u0130\u015flemleri","publisher":{"@id":"https:\/\/gdimalat.com.tr\/en\/#organization"},"potentialAction":[{"@type":"SearchAction","target":{"@type":"EntryPoint","urlTemplate":"https:\/\/gdimalat.com.tr\/en\/?s={search_term_string}"},"query-input":{"@type":"PropertyValueSpecification","valueRequired":true,"valueName":"search_term_string"}}],"inLanguage":"en-US"},{"@type":"Organization","@id":"https:\/\/gdimalat.com.tr\/en\/#organization","name":"GD \u0130malat | Torna","url":"https:\/\/gdimalat.com.tr\/en\/","logo":{"@type":"ImageObject","inLanguage":"en-US","@id":"https:\/\/gdimalat.com.tr\/en\/#\/schema\/logo\/image\/","url":"https:\/\/gdimalat.com.tr\/wp-content\/uploads\/2024\/12\/gd-imalat-torna-mobil-logo.png","contentUrl":"https:\/\/gdimalat.com.tr\/wp-content\/uploads\/2024\/12\/gd-imalat-torna-mobil-logo.png","width":300,"height":78,"caption":"GD \u0130malat | Torna"},"image":{"@id":"https:\/\/gdimalat.com.tr\/en\/#\/schema\/logo\/image\/"}}]}},"_links":{"self":[{"href":"https:\/\/gdimalat.com.tr\/en\/wp-json\/wp\/v2\/pages\/1002","targetHints":{"allow":["GET"]}}],"collection":[{"href":"https:\/\/gdimalat.com.tr\/en\/wp-json\/wp\/v2\/pages"}],"about":[{"href":"https:\/\/gdimalat.com.tr\/en\/wp-json\/wp\/v2\/types\/page"}],"author":[{"embeddable":true,"href":"https:\/\/gdimalat.com.tr\/en\/wp-json\/wp\/v2\/users\/1"}],"replies":[{"embeddable":true,"href":"https:\/\/gdimalat.com.tr\/en\/wp-json\/wp\/v2\/comments?post=1002"}],"version-history":[{"count":5,"href":"https:\/\/gdimalat.com.tr\/en\/wp-json\/wp\/v2\/pages\/1002\/revisions"}],"predecessor-version":[{"id":1099,"href":"https:\/\/gdimalat.com.tr\/en\/wp-json\/wp\/v2\/pages\/1002\/revisions\/1099"}],"wp:attachment":[{"href":"https:\/\/gdimalat.com.tr\/en\/wp-json\/wp\/v2\/media?parent=1002"}],"curies":[{"name":"wp","href":"https:\/\/api.w.org\/{rel}","templated":true}]}}