{"id":1003,"date":"2024-03-02T06:33:51","date_gmt":"2024-03-02T06:33:51","guid":{"rendered":"https:\/\/gdimalat.com.tr\/?page_id=1003"},"modified":"2025-03-19T18:58:00","modified_gmt":"2025-03-19T18:58:00","slug":"referanslar","status":"publish","type":"page","link":"https:\/\/gdimalat.com.tr\/en\/referanslar\/","title":{"rendered":"Referanslar"},"content":{"rendered":"<div class=\"wpb-content-wrapper\"><p>[vc_row][vc_column width=&#8221;1\/4&#8243;][vc_single_image image=&#8221;1289&#8243; img_size=&#8221;full&#8221; alignment=&#8221;center&#8221;][vc_empty_space height=&#8221;10&#8243;][\/vc_column][vc_column width=&#8221;1\/4&#8243;][vc_single_image image=&#8221;1287&#8243; img_size=&#8221;full&#8221; alignment=&#8221;center&#8221;][vc_empty_space height=&#8221;10&#8243;][\/vc_column][vc_column width=&#8221;1\/4&#8243;][vc_single_image image=&#8221;1288&#8243; img_size=&#8221;full&#8221; alignment=&#8221;center&#8221;][vc_empty_space height=&#8221;10&#8243;][\/vc_column][vc_column width=&#8221;1\/4&#8243;][vc_single_image image=&#8221;1118&#8243; img_size=&#8221;full&#8221; alignment=&#8221;center&#8221;][vc_empty_space height=&#8221;10&#8243;][\/vc_column][\/vc_row][vc_row][vc_column width=&#8221;1\/4&#8243;][vc_single_image image=&#8221;1114&#8243; img_size=&#8221;full&#8221; alignment=&#8221;center&#8221;][vc_empty_space height=&#8221;10&#8243;][\/vc_column][vc_column width=&#8221;1\/4&#8243;][vc_single_image image=&#8221;1116&#8243; img_size=&#8221;full&#8221; alignment=&#8221;center&#8221;][vc_empty_space height=&#8221;10&#8243;][\/vc_column][vc_column width=&#8221;1\/4&#8243;][vc_single_image image=&#8221;1119&#8243; img_size=&#8221;full&#8221; alignment=&#8221;center&#8221;][vc_empty_space height=&#8221;10&#8243;][\/vc_column][vc_column width=&#8221;1\/4&#8243;][vc_single_image image=&#8221;1115&#8243; img_size=&#8221;full&#8221; alignment=&#8221;center&#8221;][vc_empty_space height=&#8221;10&#8243;][\/vc_column][vc_column][vc_empty_space][\/vc_column][\/vc_row]<\/p>\n<\/div>","protected":false},"excerpt":{"rendered":"<p>[vc_row][vc_column width=&#8221;1\/4&#8243;][vc_single_image image=&#8221;1289&#8243; img_size=&#8221;full&#8221; alignment=&#8221;center&#8221;][vc_empty_space height=&#8221;10&#8243;][\/vc_column][vc_column width=&#8221;1\/4&#8243;][vc_single_image image=&#8221;1287&#8243; img_size=&#8221;full&#8221; alignment=&#8221;center&#8221;][vc_empty_space height=&#8221;10&#8243;][\/vc_column][vc_column width=&#8221;1\/4&#8243;][vc_single_image image=&#8221;1288&#8243; img_size=&#8221;full&#8221; alignment=&#8221;center&#8221;][vc_empty_space height=&#8221;10&#8243;][\/vc_column][vc_column width=&#8221;1\/4&#8243;][vc_single_image image=&#8221;1118&#8243; img_size=&#8221;full&#8221; alignment=&#8221;center&#8221;][vc_empty_space height=&#8221;10&#8243;][\/vc_column][\/vc_row][vc_row][vc_column width=&#8221;1\/4&#8243;][vc_single_image image=&#8221;1114&#8243; img_size=&#8221;full&#8221; alignment=&#8221;center&#8221;][vc_empty_space height=&#8221;10&#8243;][\/vc_column][vc_column width=&#8221;1\/4&#8243;][vc_single_image image=&#8221;1116&#8243; img_size=&#8221;full&#8221; alignment=&#8221;center&#8221;][vc_empty_space height=&#8221;10&#8243;][\/vc_column][vc_column width=&#8221;1\/4&#8243;][vc_single_image image=&#8221;1119&#8243; img_size=&#8221;full&#8221; alignment=&#8221;center&#8221;][vc_empty_space height=&#8221;10&#8243;][\/vc_column][vc_column width=&#8221;1\/4&#8243;][vc_single_image image=&#8221;1115&#8243; img_size=&#8221;full&#8221; alignment=&#8221;center&#8221;][vc_empty_space height=&#8221;10&#8243;][\/vc_column][vc_column][vc_empty_space][\/vc_column][\/vc_row]<\/p>\n","protected":false},"author":1,"featured_media":0,"parent":0,"menu_order":0,"comment_status":"closed","ping_status":"closed","template":"","meta":{"footnotes":""},"class_list":["post-1003","page","type-page","status-publish","hentry"],"yoast_head":"<!-- This site is optimized with the Yoast SEO plugin v24.1 - https:\/\/yoast.com\/wordpress\/plugins\/seo\/ -->\n<title>Referanslar - GD \u0130malat | Torna<\/title>\n<meta name=\"robots\" content=\"index, follow, max-snippet:-1, max-image-preview:large, max-video-preview:-1\" \/>\n<link rel=\"canonical\" href=\"https:\/\/gdimalat.com.tr\/en\/referanslar\/\" \/>\n<meta property=\"og:locale\" content=\"en_US\" \/>\n<meta property=\"og:locale:alternate\" content=\"tr_TR\" \/>\n<meta property=\"og:type\" content=\"article\" \/>\n<meta property=\"og:title\" content=\"Referanslar\" \/>\n<meta property=\"og:description\" content=\"[vc_row][vc_column width=&#8221;1\/4&#8243;][vc_single_image image=&#8221;1289&#8243; img_size=&#8221;full&#8221; alignment=&#8221;center&#8221;][vc_empty_space height=&#8221;10&#8243;][\/vc_column][vc_column width=&#8221;1\/4&#8243;][vc_single_image image=&#8221;1287&#8243; img_size=&#8221;full&#8221; alignment=&#8221;center&#8221;][vc_empty_space height=&#8221;10&#8243;][\/vc_column][vc_column width=&#8221;1\/4&#8243;][vc_single_image image=&#8221;1288&#8243; img_size=&#8221;full&#8221; alignment=&#8221;center&#8221;][vc_empty_space height=&#8221;10&#8243;][\/vc_column][vc_column width=&#8221;1\/4&#8243;][vc_single_image image=&#8221;1118&#8243; img_size=&#8221;full&#8221; alignment=&#8221;center&#8221;][vc_empty_space height=&#8221;10&#8243;][\/vc_column][\/vc_row][vc_row][vc_column width=&#8221;1\/4&#8243;][vc_single_image image=&#8221;1114&#8243; img_size=&#8221;full&#8221; alignment=&#8221;center&#8221;][vc_empty_space height=&#8221;10&#8243;][\/vc_column][vc_column width=&#8221;1\/4&#8243;][vc_single_image image=&#8221;1116&#8243; img_size=&#8221;full&#8221; alignment=&#8221;center&#8221;][vc_empty_space height=&#8221;10&#8243;][\/vc_column][vc_column width=&#8221;1\/4&#8243;][vc_single_image image=&#8221;1119&#8243; img_size=&#8221;full&#8221; alignment=&#8221;center&#8221;][vc_empty_space height=&#8221;10&#8243;][\/vc_column][vc_column width=&#8221;1\/4&#8243;][vc_single_image image=&#8221;1115&#8243; img_size=&#8221;full&#8221; alignment=&#8221;center&#8221;][vc_empty_space height=&#8221;10&#8243;][\/vc_column][vc_column][vc_empty_space][\/vc_column][\/vc_row]\" \/>\n<meta property=\"og:url\" content=\"https:\/\/gdimalat.com.tr\/en\/referanslar\/\" \/>\n<meta property=\"og:site_name\" content=\"GD \u0130malat | Torna\" \/>\n<meta property=\"article:modified_time\" content=\"2025-03-19T18:58:00+00:00\" \/>\n<meta name=\"twitter:card\" content=\"summary_large_image\" \/>\n<meta name=\"twitter:label1\" content=\"Est. reading time\" \/>\n\t<meta name=\"twitter:data1\" content=\"1 minute\" \/>\n<script type=\"application\/ld+json\" class=\"yoast-schema-graph\">{\"@context\":\"https:\/\/schema.org\",\"@graph\":[{\"@type\":\"WebPage\",\"@id\":\"https:\/\/gdimalat.com.tr\/referanslar\/\",\"url\":\"https:\/\/gdimalat.com.tr\/referanslar\/\",\"name\":\"Referanslar\",\"isPartOf\":{\"@id\":\"https:\/\/gdimalat.com.tr\/en\/#website\"},\"datePublished\":\"2024-03-02T06:33:51+00:00\",\"dateModified\":\"2025-03-19T18:58:00+00:00\",\"breadcrumb\":{\"@id\":\"https:\/\/gdimalat.com.tr\/referanslar\/#breadcrumb\"},\"inLanguage\":\"en-US\",\"potentialAction\":[{\"@type\":\"ReadAction\",\"target\":[\"https:\/\/gdimalat.com.tr\/referanslar\/\"]}]},{\"@type\":\"BreadcrumbList\",\"@id\":\"https:\/\/gdimalat.com.tr\/referanslar\/#breadcrumb\",\"itemListElement\":[{\"@type\":\"ListItem\",\"position\":1,\"name\":\"Anasayfa\",\"item\":\"https:\/\/gdimalat.com.tr\/\"},{\"@type\":\"ListItem\",\"position\":2,\"name\":\"Referanslar\"}]},{\"@type\":\"WebSite\",\"@id\":\"https:\/\/gdimalat.com.tr\/en\/#website\",\"url\":\"https:\/\/gdimalat.com.tr\/en\/\",\"name\":\"GD \u0130malat | Torna\",\"description\":\"S\u00f6ke Torna \u0130\u015fleme | Tala\u015fl\u0131 \u0130malat | Y\u00fczey \u0130\u015flemleri\",\"publisher\":{\"@id\":\"https:\/\/gdimalat.com.tr\/en\/#organization\"},\"potentialAction\":[{\"@type\":\"SearchAction\",\"target\":{\"@type\":\"EntryPoint\",\"urlTemplate\":\"https:\/\/gdimalat.com.tr\/en\/?s={search_term_string}\"},\"query-input\":{\"@type\":\"PropertyValueSpecification\",\"valueRequired\":true,\"valueName\":\"search_term_string\"}}],\"inLanguage\":\"en-US\"},{\"@type\":\"Organization\",\"@id\":\"https:\/\/gdimalat.com.tr\/en\/#organization\",\"name\":\"GD \u0130malat | Torna\",\"url\":\"https:\/\/gdimalat.com.tr\/en\/\",\"logo\":{\"@type\":\"ImageObject\",\"inLanguage\":\"en-US\",\"@id\":\"https:\/\/gdimalat.com.tr\/en\/#\/schema\/logo\/image\/\",\"url\":\"https:\/\/gdimalat.com.tr\/wp-content\/uploads\/2024\/12\/gd-imalat-torna-mobil-logo.png\",\"contentUrl\":\"https:\/\/gdimalat.com.tr\/wp-content\/uploads\/2024\/12\/gd-imalat-torna-mobil-logo.png\",\"width\":300,\"height\":78,\"caption\":\"GD \u0130malat | Torna\"},\"image\":{\"@id\":\"https:\/\/gdimalat.com.tr\/en\/#\/schema\/logo\/image\/\"}}]}<\/script>\n<!-- \/ Yoast SEO plugin. -->","yoast_head_json":{"title":"Referanslar - GD \u0130malat | Torna","robots":{"index":"index","follow":"follow","max-snippet":"max-snippet:-1","max-image-preview":"max-image-preview:large","max-video-preview":"max-video-preview:-1"},"canonical":"https:\/\/gdimalat.com.tr\/en\/referanslar\/","og_locale":"en_US","og_type":"article","og_title":"[:tr]Referanslar[:] - GD \u0130malat | Torna","og_description":"[vc_row][vc_column width=&#8221;1\/4&#8243;][vc_single_image image=&#8221;1289&#8243; img_size=&#8221;full&#8221; alignment=&#8221;center&#8221;][vc_empty_space height=&#8221;10&#8243;][\/vc_column][vc_column width=&#8221;1\/4&#8243;][vc_single_image image=&#8221;1287&#8243; img_size=&#8221;full&#8221; alignment=&#8221;center&#8221;][vc_empty_space height=&#8221;10&#8243;][\/vc_column][vc_column width=&#8221;1\/4&#8243;][vc_single_image image=&#8221;1288&#8243; img_size=&#8221;full&#8221; alignment=&#8221;center&#8221;][vc_empty_space height=&#8221;10&#8243;][\/vc_column][vc_column width=&#8221;1\/4&#8243;][vc_single_image image=&#8221;1118&#8243; img_size=&#8221;full&#8221; alignment=&#8221;center&#8221;][vc_empty_space height=&#8221;10&#8243;][\/vc_column][\/vc_row][vc_row][vc_column width=&#8221;1\/4&#8243;][vc_single_image image=&#8221;1114&#8243; img_size=&#8221;full&#8221; alignment=&#8221;center&#8221;][vc_empty_space height=&#8221;10&#8243;][\/vc_column][vc_column width=&#8221;1\/4&#8243;][vc_single_image image=&#8221;1116&#8243; img_size=&#8221;full&#8221; alignment=&#8221;center&#8221;][vc_empty_space height=&#8221;10&#8243;][\/vc_column][vc_column width=&#8221;1\/4&#8243;][vc_single_image image=&#8221;1119&#8243; img_size=&#8221;full&#8221; alignment=&#8221;center&#8221;][vc_empty_space height=&#8221;10&#8243;][\/vc_column][vc_column width=&#8221;1\/4&#8243;][vc_single_image image=&#8221;1115&#8243; img_size=&#8221;full&#8221; alignment=&#8221;center&#8221;][vc_empty_space height=&#8221;10&#8243;][\/vc_column][vc_column][vc_empty_space][\/vc_column][\/vc_row]","og_url":"https:\/\/gdimalat.com.tr\/en\/referanslar\/","og_site_name":"GD \u0130malat | Torna","article_modified_time":"2025-03-19T18:58:00+00:00","twitter_card":"summary_large_image","twitter_misc":{"Est. reading time":"1 minute"},"schema":{"@context":"https:\/\/schema.org","@graph":[{"@type":"WebPage","@id":"https:\/\/gdimalat.com.tr\/referanslar\/","url":"https:\/\/gdimalat.com.tr\/referanslar\/","name":"Referanslar","isPartOf":{"@id":"https:\/\/gdimalat.com.tr\/en\/#website"},"datePublished":"2024-03-02T06:33:51+00:00","dateModified":"2025-03-19T18:58:00+00:00","breadcrumb":{"@id":"https:\/\/gdimalat.com.tr\/referanslar\/#breadcrumb"},"inLanguage":"en-US","potentialAction":[{"@type":"ReadAction","target":["https:\/\/gdimalat.com.tr\/referanslar\/"]}]},{"@type":"BreadcrumbList","@id":"https:\/\/gdimalat.com.tr\/referanslar\/#breadcrumb","itemListElement":[{"@type":"ListItem","position":1,"name":"Anasayfa","item":"https:\/\/gdimalat.com.tr\/"},{"@type":"ListItem","position":2,"name":"Referanslar"}]},{"@type":"WebSite","@id":"https:\/\/gdimalat.com.tr\/en\/#website","url":"https:\/\/gdimalat.com.tr\/en\/","name":"GD \u0130malat | Torna","description":"S\u00f6ke Torna \u0130\u015fleme | Tala\u015fl\u0131 \u0130malat | Y\u00fczey \u0130\u015flemleri","publisher":{"@id":"https:\/\/gdimalat.com.tr\/en\/#organization"},"potentialAction":[{"@type":"SearchAction","target":{"@type":"EntryPoint","urlTemplate":"https:\/\/gdimalat.com.tr\/en\/?s={search_term_string}"},"query-input":{"@type":"PropertyValueSpecification","valueRequired":true,"valueName":"search_term_string"}}],"inLanguage":"en-US"},{"@type":"Organization","@id":"https:\/\/gdimalat.com.tr\/en\/#organization","name":"GD \u0130malat | Torna","url":"https:\/\/gdimalat.com.tr\/en\/","logo":{"@type":"ImageObject","inLanguage":"en-US","@id":"https:\/\/gdimalat.com.tr\/en\/#\/schema\/logo\/image\/","url":"https:\/\/gdimalat.com.tr\/wp-content\/uploads\/2024\/12\/gd-imalat-torna-mobil-logo.png","contentUrl":"https:\/\/gdimalat.com.tr\/wp-content\/uploads\/2024\/12\/gd-imalat-torna-mobil-logo.png","width":300,"height":78,"caption":"GD \u0130malat | Torna"},"image":{"@id":"https:\/\/gdimalat.com.tr\/en\/#\/schema\/logo\/image\/"}}]}},"_links":{"self":[{"href":"https:\/\/gdimalat.com.tr\/en\/wp-json\/wp\/v2\/pages\/1003","targetHints":{"allow":["GET"]}}],"collection":[{"href":"https:\/\/gdimalat.com.tr\/en\/wp-json\/wp\/v2\/pages"}],"about":[{"href":"https:\/\/gdimalat.com.tr\/en\/wp-json\/wp\/v2\/types\/page"}],"author":[{"embeddable":true,"href":"https:\/\/gdimalat.com.tr\/en\/wp-json\/wp\/v2\/users\/1"}],"replies":[{"embeddable":true,"href":"https:\/\/gdimalat.com.tr\/en\/wp-json\/wp\/v2\/comments?post=1003"}],"version-history":[{"count":6,"href":"https:\/\/gdimalat.com.tr\/en\/wp-json\/wp\/v2\/pages\/1003\/revisions"}],"predecessor-version":[{"id":1131,"href":"https:\/\/gdimalat.com.tr\/en\/wp-json\/wp\/v2\/pages\/1003\/revisions\/1131"}],"wp:attachment":[{"href":"https:\/\/gdimalat.com.tr\/en\/wp-json\/wp\/v2\/media?parent=1003"}],"curies":[{"name":"wp","href":"https:\/\/api.w.org\/{rel}","templated":true}]}}