{"id":1022,"date":"2024-03-02T06:44:57","date_gmt":"2024-03-02T06:44:57","guid":{"rendered":"https:\/\/gdimalat.com.tr\/?page_id=1022"},"modified":"2024-12-10T02:05:21","modified_gmt":"2024-12-10T02:05:21","slug":"hizmetlerimiz","status":"publish","type":"page","link":"https:\/\/gdimalat.com.tr\/en\/hizmetlerimiz\/","title":{"rendered":"Hizmetlerimiz"},"content":{"rendered":"<div class=\"wpb-content-wrapper\"><p>[vc_row][vc_column width=&#8221;1\/4&#8243;][vc_single_image image=&#8221;1086&#8243; img_size=&#8221;full&#8221; alignment=&#8221;center&#8221;][vc_empty_space height=&#8221;10&#8243;][vc_column_text]<\/p>\n<h4 style=\"text-align: center;\"><strong><span style=\"color: #000000;\">CNC \u0130\u015fleme<\/span><\/strong><\/h4>\n<p>[\/vc_column_text][vc_empty_space height=&#8221;10&#8243;][vc_btn title=&#8221;Detayl\u0131 Bilgi &gt;&gt;&gt;&#8221; style=&#8221;outline&#8221; color=&#8221;pink&#8221; size=&#8221;sm&#8221; align=&#8221;center&#8221; link=&#8221;url:https%3A%2F%2Fgdimalat.com.tr%2Fcnc-isleme%2F&#8221;][vc_empty_space height=&#8221;10&#8243;][\/vc_column][vc_column width=&#8221;1\/4&#8243;][vc_single_image image=&#8221;1087&#8243; img_size=&#8221;full&#8221; alignment=&#8221;center&#8221;][vc_empty_space height=&#8221;10&#8243;][vc_column_text]<\/p>\n<h4 style=\"text-align: center;\"><strong><span style=\"color: #000000;\">Tala\u015fl\u0131 \u0130malat<\/span><\/strong><\/h4>\n<p>[\/vc_column_text][vc_empty_space height=&#8221;10&#8243;][vc_btn title=&#8221;Detayl\u0131 Bilgi &gt;&gt;&gt;&#8221; style=&#8221;outline&#8221; color=&#8221;black&#8221; size=&#8221;sm&#8221; align=&#8221;center&#8221; link=&#8221;url:https%3A%2F%2Fgdimalat.com.tr%2Ftalasli-imalat%2F&#8221;][vc_empty_space height=&#8221;10&#8243;][\/vc_column][vc_column width=&#8221;1\/4&#8243;][vc_single_image image=&#8221;1088&#8243; img_size=&#8221;full&#8221; alignment=&#8221;center&#8221;][vc_empty_space height=&#8221;10&#8243;][vc_column_text]<\/p>\n<h4 style=\"text-align: center;\"><strong><span style=\"color: #000000;\">Y\u00fczey \u0130\u015flemleri<\/span><\/strong><\/h4>\n<p>[\/vc_column_text][vc_empty_space height=&#8221;10&#8243;][vc_btn title=&#8221;Detayl\u0131 Bilgi &gt;&gt;&gt;&#8221; style=&#8221;outline&#8221; color=&#8221;pink&#8221; size=&#8221;sm&#8221; align=&#8221;center&#8221; link=&#8221;url:https%3A%2F%2Fgdimalat.com.tr%2Fyuzey-islemleri%2F&#8221;][vc_empty_space height=&#8221;10&#8243;][\/vc_column][vc_column width=&#8221;1\/4&#8243;][vc_single_image image=&#8221;1089&#8243; img_size=&#8221;full&#8221; alignment=&#8221;center&#8221;][vc_empty_space height=&#8221;10&#8243;][vc_column_text]<\/p>\n<h4 style=\"text-align: center;\"><strong><span style=\"color: #000000;\">Di\u011fer Hizmetler<\/span><\/strong><\/h4>\n<p>[\/vc_column_text][vc_empty_space height=&#8221;10&#8243;][vc_btn title=&#8221;Detayl\u0131 Bilgi &gt;&gt;&gt;&#8221; style=&#8221;outline&#8221; color=&#8221;black&#8221; size=&#8221;sm&#8221; align=&#8221;center&#8221; link=&#8221;url:https%3A%2F%2Fgdimalat.com.tr%2Fdiger-hizmetler%2F&#8221;][vc_empty_space height=&#8221;10&#8243;][\/vc_column][\/vc_row]<\/p>\n<\/div>","protected":false},"excerpt":{"rendered":"<p>[vc_row][vc_column width=&#8221;1\/4&#8243;][vc_single_image image=&#8221;1086&#8243; img_size=&#8221;full&#8221; alignment=&#8221;center&#8221;][vc_empty_space height=&#8221;10&#8243;][vc_column_text] CNC \u0130\u015fleme [\/vc_column_text][vc_empty_space height=&#8221;10&#8243;][vc_btn title=&#8221;Detayl\u0131 Bilgi &gt;&gt;&gt;&#8221; style=&#8221;outline&#8221; color=&#8221;pink&#8221; size=&#8221;sm&#8221; align=&#8221;center&#8221; link=&#8221;url:https%3A%2F%2Fgdimalat.com.tr%2Fcnc-isleme%2F&#8221;][vc_empty_space height=&#8221;10&#8243;][\/vc_column][vc_column width=&#8221;1\/4&#8243;][vc_single_image image=&#8221;1087&#8243; img_size=&#8221;full&#8221; alignment=&#8221;center&#8221;][vc_empty_space height=&#8221;10&#8243;][vc_column_text] Tala\u015fl\u0131 \u0130malat [\/vc_column_text][vc_empty_space height=&#8221;10&#8243;][vc_btn title=&#8221;Detayl\u0131 Bilgi &gt;&gt;&gt;&#8221; style=&#8221;outline&#8221; color=&#8221;black&#8221; size=&#8221;sm&#8221; align=&#8221;center&#8221; link=&#8221;url:https%3A%2F%2Fgdimalat.com.tr%2Ftalasli-imalat%2F&#8221;][vc_empty_space height=&#8221;10&#8243;][\/vc_column][vc_column width=&#8221;1\/4&#8243;][vc_single_image image=&#8221;1088&#8243; img_size=&#8221;full&#8221; alignment=&#8221;center&#8221;][vc_empty_space height=&#8221;10&#8243;][vc_column_text] Y\u00fczey \u0130\u015flemleri [\/vc_column_text][vc_empty_space height=&#8221;10&#8243;][vc_btn title=&#8221;Detayl\u0131 Bilgi &gt;&gt;&gt;&#8221; style=&#8221;outline&#8221; color=&#8221;pink&#8221; size=&#8221;sm&#8221; align=&#8221;center&#8221; link=&#8221;url:https%3A%2F%2Fgdimalat.com.tr%2Fyuzey-islemleri%2F&#8221;][vc_empty_space height=&#8221;10&#8243;][\/vc_column][vc_column [&hellip;]<\/p>\n","protected":false},"author":1,"featured_media":0,"parent":0,"menu_order":0,"comment_status":"closed","ping_status":"closed","template":"","meta":{"footnotes":""},"class_list":["post-1022","page","type-page","status-publish","hentry"],"yoast_head":"<!-- This site is optimized with the Yoast SEO plugin v24.1 - https:\/\/yoast.com\/wordpress\/plugins\/seo\/ -->\n<title>Hizmetlerimiz - GD \u0130malat | Torna<\/title>\n<meta name=\"robots\" content=\"index, follow, max-snippet:-1, max-image-preview:large, max-video-preview:-1\" \/>\n<link rel=\"canonical\" href=\"https:\/\/gdimalat.com.tr\/en\/hizmetlerimiz\/\" \/>\n<meta property=\"og:locale\" content=\"en_US\" \/>\n<meta property=\"og:locale:alternate\" content=\"tr_TR\" \/>\n<meta property=\"og:type\" content=\"article\" \/>\n<meta property=\"og:title\" content=\"Hizmetlerimiz - GD \u0130malat | Torna\" \/>\n<meta property=\"og:description\" content=\"[vc_row][vc_column width=&#8221;1\/4&#8243;][vc_single_image image=&#8221;1086&#8243; img_size=&#8221;full&#8221; alignment=&#8221;center&#8221;][vc_empty_space height=&#8221;10&#8243;][vc_column_text] CNC \u0130\u015fleme [\/vc_column_text][vc_empty_space height=&#8221;10&#8243;][vc_btn title=&#8221;Detayl\u0131 Bilgi &gt;&gt;&gt;&#8221; style=&#8221;outline&#8221; color=&#8221;pink&#8221; size=&#8221;sm&#8221; align=&#8221;center&#8221; link=&#8221;url:https%3A%2F%2Fgdimalat.com.tr%2Fcnc-isleme%2F&#8221;][vc_empty_space height=&#8221;10&#8243;][\/vc_column][vc_column width=&#8221;1\/4&#8243;][vc_single_image image=&#8221;1087&#8243; img_size=&#8221;full&#8221; alignment=&#8221;center&#8221;][vc_empty_space height=&#8221;10&#8243;][vc_column_text] Tala\u015fl\u0131 \u0130malat [\/vc_column_text][vc_empty_space height=&#8221;10&#8243;][vc_btn title=&#8221;Detayl\u0131 Bilgi &gt;&gt;&gt;&#8221; style=&#8221;outline&#8221; color=&#8221;black&#8221; size=&#8221;sm&#8221; align=&#8221;center&#8221; link=&#8221;url:https%3A%2F%2Fgdimalat.com.tr%2Ftalasli-imalat%2F&#8221;][vc_empty_space height=&#8221;10&#8243;][\/vc_column][vc_column width=&#8221;1\/4&#8243;][vc_single_image image=&#8221;1088&#8243; img_size=&#8221;full&#8221; alignment=&#8221;center&#8221;][vc_empty_space height=&#8221;10&#8243;][vc_column_text] Y\u00fczey \u0130\u015flemleri [\/vc_column_text][vc_empty_space height=&#8221;10&#8243;][vc_btn title=&#8221;Detayl\u0131 Bilgi &gt;&gt;&gt;&#8221; style=&#8221;outline&#8221; color=&#8221;pink&#8221; size=&#8221;sm&#8221; align=&#8221;center&#8221; link=&#8221;url:https%3A%2F%2Fgdimalat.com.tr%2Fyuzey-islemleri%2F&#8221;][vc_empty_space height=&#8221;10&#8243;][\/vc_column][vc_column [&hellip;]\" \/>\n<meta property=\"og:url\" content=\"https:\/\/gdimalat.com.tr\/en\/hizmetlerimiz\/\" \/>\n<meta property=\"og:site_name\" content=\"GD \u0130malat | Torna\" \/>\n<meta property=\"article:modified_time\" content=\"2024-12-10T02:05:21+00:00\" \/>\n<meta name=\"twitter:card\" content=\"summary_large_image\" \/>\n<meta name=\"twitter:label1\" content=\"Est. reading time\" \/>\n\t<meta name=\"twitter:data1\" content=\"1 minute\" \/>\n<script type=\"application\/ld+json\" class=\"yoast-schema-graph\">{\"@context\":\"https:\/\/schema.org\",\"@graph\":[{\"@type\":\"WebPage\",\"@id\":\"https:\/\/gdimalat.com.tr\/hizmetlerimiz\/\",\"url\":\"https:\/\/gdimalat.com.tr\/hizmetlerimiz\/\",\"name\":\"Hizmetlerimiz - GD \u0130malat | Torna\",\"isPartOf\":{\"@id\":\"https:\/\/gdimalat.com.tr\/en\/#website\"},\"datePublished\":\"2024-03-02T06:44:57+00:00\",\"dateModified\":\"2024-12-10T02:05:21+00:00\",\"breadcrumb\":{\"@id\":\"https:\/\/gdimalat.com.tr\/hizmetlerimiz\/#breadcrumb\"},\"inLanguage\":\"en-US\",\"potentialAction\":[{\"@type\":\"ReadAction\",\"target\":[\"https:\/\/gdimalat.com.tr\/hizmetlerimiz\/\"]}]},{\"@type\":\"BreadcrumbList\",\"@id\":\"https:\/\/gdimalat.com.tr\/hizmetlerimiz\/#breadcrumb\",\"itemListElement\":[{\"@type\":\"ListItem\",\"position\":1,\"name\":\"Anasayfa\",\"item\":\"https:\/\/gdimalat.com.tr\/\"},{\"@type\":\"ListItem\",\"position\":2,\"name\":\"Hizmetlerimiz\"}]},{\"@type\":\"WebSite\",\"@id\":\"https:\/\/gdimalat.com.tr\/en\/#website\",\"url\":\"https:\/\/gdimalat.com.tr\/en\/\",\"name\":\"GD \u0130malat | Torna\",\"description\":\"S\u00f6ke Torna \u0130\u015fleme | Tala\u015fl\u0131 \u0130malat | Y\u00fczey \u0130\u015flemleri\",\"publisher\":{\"@id\":\"https:\/\/gdimalat.com.tr\/en\/#organization\"},\"potentialAction\":[{\"@type\":\"SearchAction\",\"target\":{\"@type\":\"EntryPoint\",\"urlTemplate\":\"https:\/\/gdimalat.com.tr\/en\/?s={search_term_string}\"},\"query-input\":{\"@type\":\"PropertyValueSpecification\",\"valueRequired\":true,\"valueName\":\"search_term_string\"}}],\"inLanguage\":\"en-US\"},{\"@type\":\"Organization\",\"@id\":\"https:\/\/gdimalat.com.tr\/en\/#organization\",\"name\":\"GD \u0130malat | Torna\",\"url\":\"https:\/\/gdimalat.com.tr\/en\/\",\"logo\":{\"@type\":\"ImageObject\",\"inLanguage\":\"en-US\",\"@id\":\"https:\/\/gdimalat.com.tr\/en\/#\/schema\/logo\/image\/\",\"url\":\"https:\/\/gdimalat.com.tr\/wp-content\/uploads\/2024\/12\/gd-imalat-torna-mobil-logo.png\",\"contentUrl\":\"https:\/\/gdimalat.com.tr\/wp-content\/uploads\/2024\/12\/gd-imalat-torna-mobil-logo.png\",\"width\":300,\"height\":78,\"caption\":\"GD \u0130malat | Torna\"},\"image\":{\"@id\":\"https:\/\/gdimalat.com.tr\/en\/#\/schema\/logo\/image\/\"}}]}<\/script>\n<!-- \/ Yoast SEO plugin. -->","yoast_head_json":{"title":"Hizmetlerimiz - GD \u0130malat | Torna","robots":{"index":"index","follow":"follow","max-snippet":"max-snippet:-1","max-image-preview":"max-image-preview:large","max-video-preview":"max-video-preview:-1"},"canonical":"https:\/\/gdimalat.com.tr\/en\/hizmetlerimiz\/","og_locale":"en_US","og_type":"article","og_title":"Hizmetlerimiz - GD \u0130malat | Torna","og_description":"[vc_row][vc_column width=&#8221;1\/4&#8243;][vc_single_image image=&#8221;1086&#8243; img_size=&#8221;full&#8221; alignment=&#8221;center&#8221;][vc_empty_space height=&#8221;10&#8243;][vc_column_text] CNC \u0130\u015fleme [\/vc_column_text][vc_empty_space height=&#8221;10&#8243;][vc_btn title=&#8221;Detayl\u0131 Bilgi &gt;&gt;&gt;&#8221; style=&#8221;outline&#8221; color=&#8221;pink&#8221; size=&#8221;sm&#8221; align=&#8221;center&#8221; link=&#8221;url:https%3A%2F%2Fgdimalat.com.tr%2Fcnc-isleme%2F&#8221;][vc_empty_space height=&#8221;10&#8243;][\/vc_column][vc_column width=&#8221;1\/4&#8243;][vc_single_image image=&#8221;1087&#8243; img_size=&#8221;full&#8221; alignment=&#8221;center&#8221;][vc_empty_space height=&#8221;10&#8243;][vc_column_text] Tala\u015fl\u0131 \u0130malat [\/vc_column_text][vc_empty_space height=&#8221;10&#8243;][vc_btn title=&#8221;Detayl\u0131 Bilgi &gt;&gt;&gt;&#8221; style=&#8221;outline&#8221; color=&#8221;black&#8221; size=&#8221;sm&#8221; align=&#8221;center&#8221; link=&#8221;url:https%3A%2F%2Fgdimalat.com.tr%2Ftalasli-imalat%2F&#8221;][vc_empty_space height=&#8221;10&#8243;][\/vc_column][vc_column width=&#8221;1\/4&#8243;][vc_single_image image=&#8221;1088&#8243; img_size=&#8221;full&#8221; alignment=&#8221;center&#8221;][vc_empty_space height=&#8221;10&#8243;][vc_column_text] Y\u00fczey \u0130\u015flemleri [\/vc_column_text][vc_empty_space height=&#8221;10&#8243;][vc_btn title=&#8221;Detayl\u0131 Bilgi &gt;&gt;&gt;&#8221; style=&#8221;outline&#8221; color=&#8221;pink&#8221; size=&#8221;sm&#8221; align=&#8221;center&#8221; link=&#8221;url:https%3A%2F%2Fgdimalat.com.tr%2Fyuzey-islemleri%2F&#8221;][vc_empty_space height=&#8221;10&#8243;][\/vc_column][vc_column [&hellip;]","og_url":"https:\/\/gdimalat.com.tr\/en\/hizmetlerimiz\/","og_site_name":"GD \u0130malat | Torna","article_modified_time":"2024-12-10T02:05:21+00:00","twitter_card":"summary_large_image","twitter_misc":{"Est. reading time":"1 minute"},"schema":{"@context":"https:\/\/schema.org","@graph":[{"@type":"WebPage","@id":"https:\/\/gdimalat.com.tr\/hizmetlerimiz\/","url":"https:\/\/gdimalat.com.tr\/hizmetlerimiz\/","name":"Hizmetlerimiz - GD \u0130malat | Torna","isPartOf":{"@id":"https:\/\/gdimalat.com.tr\/en\/#website"},"datePublished":"2024-03-02T06:44:57+00:00","dateModified":"2024-12-10T02:05:21+00:00","breadcrumb":{"@id":"https:\/\/gdimalat.com.tr\/hizmetlerimiz\/#breadcrumb"},"inLanguage":"en-US","potentialAction":[{"@type":"ReadAction","target":["https:\/\/gdimalat.com.tr\/hizmetlerimiz\/"]}]},{"@type":"BreadcrumbList","@id":"https:\/\/gdimalat.com.tr\/hizmetlerimiz\/#breadcrumb","itemListElement":[{"@type":"ListItem","position":1,"name":"Anasayfa","item":"https:\/\/gdimalat.com.tr\/"},{"@type":"ListItem","position":2,"name":"Hizmetlerimiz"}]},{"@type":"WebSite","@id":"https:\/\/gdimalat.com.tr\/en\/#website","url":"https:\/\/gdimalat.com.tr\/en\/","name":"GD \u0130malat | Torna","description":"S\u00f6ke Torna \u0130\u015fleme | Tala\u015fl\u0131 \u0130malat | Y\u00fczey \u0130\u015flemleri","publisher":{"@id":"https:\/\/gdimalat.com.tr\/en\/#organization"},"potentialAction":[{"@type":"SearchAction","target":{"@type":"EntryPoint","urlTemplate":"https:\/\/gdimalat.com.tr\/en\/?s={search_term_string}"},"query-input":{"@type":"PropertyValueSpecification","valueRequired":true,"valueName":"search_term_string"}}],"inLanguage":"en-US"},{"@type":"Organization","@id":"https:\/\/gdimalat.com.tr\/en\/#organization","name":"GD \u0130malat | Torna","url":"https:\/\/gdimalat.com.tr\/en\/","logo":{"@type":"ImageObject","inLanguage":"en-US","@id":"https:\/\/gdimalat.com.tr\/en\/#\/schema\/logo\/image\/","url":"https:\/\/gdimalat.com.tr\/wp-content\/uploads\/2024\/12\/gd-imalat-torna-mobil-logo.png","contentUrl":"https:\/\/gdimalat.com.tr\/wp-content\/uploads\/2024\/12\/gd-imalat-torna-mobil-logo.png","width":300,"height":78,"caption":"GD \u0130malat | Torna"},"image":{"@id":"https:\/\/gdimalat.com.tr\/en\/#\/schema\/logo\/image\/"}}]}},"_links":{"self":[{"href":"https:\/\/gdimalat.com.tr\/en\/wp-json\/wp\/v2\/pages\/1022","targetHints":{"allow":["GET"]}}],"collection":[{"href":"https:\/\/gdimalat.com.tr\/en\/wp-json\/wp\/v2\/pages"}],"about":[{"href":"https:\/\/gdimalat.com.tr\/en\/wp-json\/wp\/v2\/types\/page"}],"author":[{"embeddable":true,"href":"https:\/\/gdimalat.com.tr\/en\/wp-json\/wp\/v2\/users\/1"}],"replies":[{"embeddable":true,"href":"https:\/\/gdimalat.com.tr\/en\/wp-json\/wp\/v2\/comments?post=1022"}],"version-history":[{"count":6,"href":"https:\/\/gdimalat.com.tr\/en\/wp-json\/wp\/v2\/pages\/1022\/revisions"}],"predecessor-version":[{"id":1106,"href":"https:\/\/gdimalat.com.tr\/en\/wp-json\/wp\/v2\/pages\/1022\/revisions\/1106"}],"wp:attachment":[{"href":"https:\/\/gdimalat.com.tr\/en\/wp-json\/wp\/v2\/media?parent=1022"}],"curies":[{"name":"wp","href":"https:\/\/api.w.org\/{rel}","templated":true}]}}