{"id":1090,"date":"2024-12-10T01:49:09","date_gmt":"2024-12-10T01:49:09","guid":{"rendered":"https:\/\/gdimalat.com.tr\/?page_id=1090"},"modified":"2024-12-10T01:56:21","modified_gmt":"2024-12-10T01:56:21","slug":"cnc-isleme","status":"publish","type":"page","link":"https:\/\/gdimalat.com.tr\/en\/cnc-isleme\/","title":{"rendered":"CNC \u0130\u015fleme"},"content":{"rendered":"<div class=\"wpb-content-wrapper\"><p>[vc_row][vc_column][vc_column_text]<span style=\"color: #000000;\">CNC (Computer Numerical Control) i\u015fleme, bilgisayar kontroll\u00fc makinelerle metal, ah\u015fap, plastik gibi malzemelerin i\u015flenmesini sa\u011flayan bir imalat y\u00f6ntemidir. CNC makineleri, hassasiyet ve tekrarlanabilirlik gerektiren par\u00e7alar\u0131n \u00fcretiminde kullan\u0131l\u0131r. Bu makineler, \u00f6nceden haz\u0131rlanm\u0131\u015f CAD (Computer-Aided Design) veya CAM (Computer-Aided Manufacturing) yaz\u0131l\u0131mlar\u0131 ile programlan\u0131r.<\/span><\/p>\n<h3><span style=\"color: #000000;\">CNC \u0130\u015fleme S\u00fcreci<\/span><\/h3>\n<ol>\n<li><span style=\"color: #000000;\"><strong>Tasar\u0131m:<\/strong> Par\u00e7a, CAD yaz\u0131l\u0131m\u0131nda tasarlan\u0131r.<\/span><\/li>\n<li><span style=\"color: #000000;\"><strong>Programlama:<\/strong> Tasar\u0131m verileri CAM yaz\u0131l\u0131m\u0131na aktar\u0131l\u0131r ve i\u015fleme yollar\u0131 olu\u015fturulur.<\/span><\/li>\n<li><span style=\"color: #000000;\"><strong>Makine Ayar\u0131:<\/strong> CNC makinesine i\u015fleme yap\u0131lacak malzeme yerle\u015ftirilir ve uygun kesici tak\u0131mlar tak\u0131l\u0131r.<\/span><\/li>\n<li><span style=\"color: #000000;\"><strong>\u0130\u015fleme:<\/strong> Program, CNC makinesi taraf\u0131ndan \u00e7al\u0131\u015ft\u0131r\u0131larak par\u00e7an\u0131n i\u015flenmesi sa\u011flan\u0131r.<\/span><\/li>\n<\/ol>\n<h3><span style=\"color: #000000;\">CNC \u0130\u015fleme T\u00fcrleri<\/span><\/h3>\n<ul>\n<li><span style=\"color: #000000;\"><strong>Tornalama:<\/strong> D\u00f6nerek i\u015fleme yap\u0131l\u0131r, silindirik par\u00e7alar i\u00e7in idealdir.<\/span><\/li>\n<li><span style=\"color: #000000;\"><strong>Frezeleme:<\/strong> Malzeme y\u00fczeylerinden tala\u015f kald\u0131rma i\u015flemidir.<\/span><\/li>\n<li><span style=\"color: #000000;\"><strong>Delme:<\/strong> Delik a\u00e7ma i\u015flemleri i\u00e7in kullan\u0131l\u0131r.<\/span><\/li>\n<li><span style=\"color: #000000;\"><strong>EDM (Elektrik De\u015farj \u0130\u015fleme):<\/strong> Elektriksel de\u015farj ile metalin i\u015flenmesini sa\u011flar.<\/span><\/li>\n<\/ul>\n<h3><span style=\"color: #000000;\">Avantajlar\u0131<\/span><\/h3>\n<ul>\n<li><span style=\"color: #000000;\"><strong>Hassasiyet:<\/strong> Y\u00fcksek do\u011fruluk sa\u011flar.<\/span><\/li>\n<li><span style=\"color: #000000;\"><strong>Tekrarlanabilirlik:<\/strong> Seri \u00fcretimde ayn\u0131 kaliteyi sunar.<\/span><\/li>\n<li><span style=\"color: #000000;\"><strong>Esneklik:<\/strong> Farkl\u0131 tasar\u0131mlara kolayca adapte edilebilir.<\/span><\/li>\n<li><span style=\"color: #000000;\"><strong>Verimlilik:<\/strong> Karma\u015f\u0131k par\u00e7alar\u0131n h\u0131zl\u0131 ve verimli \u015fekilde \u00fcretilmesine olanak tan\u0131r.<\/span><\/li>\n<\/ul>\n<p><span style=\"color: #000000;\">CNC i\u015fleme, otomotiv, havac\u0131l\u0131k, elektronik, medikal cihazlar gibi bir\u00e7ok sekt\u00f6rde kritik bir rol oynar.<\/span><\/p>\n<p><strong><span style=\"color: #000000;\">Bilgi i\u00e7in web sitemizde bulunan ileti\u015fim se\u00e7eneklerinden bize ula\u015fabilirsiniz.\u00a0<\/span><\/strong>[\/vc_column_text][vc_empty_space][\/vc_column][\/vc_row]<\/p>\n<\/div>","protected":false},"excerpt":{"rendered":"<p>[vc_row][vc_column][vc_column_text]CNC (Computer Numerical Control) i\u015fleme, bilgisayar kontroll\u00fc makinelerle metal, ah\u015fap, plastik gibi malzemelerin i\u015flenmesini sa\u011flayan bir imalat y\u00f6ntemidir. CNC makineleri, hassasiyet ve tekrarlanabilirlik gerektiren par\u00e7alar\u0131n \u00fcretiminde kullan\u0131l\u0131r. Bu makineler, \u00f6nceden haz\u0131rlanm\u0131\u015f CAD (Computer-Aided Design) veya CAM (Computer-Aided Manufacturing) yaz\u0131l\u0131mlar\u0131 ile programlan\u0131r. CNC \u0130\u015fleme S\u00fcreci Tasar\u0131m: Par\u00e7a, CAD yaz\u0131l\u0131m\u0131nda tasarlan\u0131r. Programlama: Tasar\u0131m verileri CAM yaz\u0131l\u0131m\u0131na aktar\u0131l\u0131r [&hellip;]<\/p>\n","protected":false},"author":1,"featured_media":0,"parent":0,"menu_order":0,"comment_status":"closed","ping_status":"closed","template":"","meta":{"footnotes":""},"class_list":["post-1090","page","type-page","status-publish","hentry"],"yoast_head":"<!-- This site is optimized with the Yoast SEO plugin v24.1 - https:\/\/yoast.com\/wordpress\/plugins\/seo\/ -->\n<title>CNC \u0130\u015fleme - GD \u0130malat | Torna<\/title>\n<meta name=\"robots\" content=\"index, follow, max-snippet:-1, max-image-preview:large, max-video-preview:-1\" \/>\n<link rel=\"canonical\" href=\"https:\/\/gdimalat.com.tr\/en\/cnc-isleme\/\" \/>\n<meta property=\"og:locale\" content=\"en_US\" \/>\n<meta property=\"og:locale:alternate\" content=\"tr_TR\" \/>\n<meta property=\"og:type\" content=\"article\" \/>\n<meta property=\"og:title\" content=\"CNC \u0130\u015fleme - GD \u0130malat | Torna\" \/>\n<meta property=\"og:description\" content=\"[vc_row][vc_column][vc_column_text]CNC (Computer Numerical Control) i\u015fleme, bilgisayar kontroll\u00fc makinelerle metal, ah\u015fap, plastik gibi malzemelerin i\u015flenmesini sa\u011flayan bir imalat y\u00f6ntemidir. CNC makineleri, hassasiyet ve tekrarlanabilirlik gerektiren par\u00e7alar\u0131n \u00fcretiminde kullan\u0131l\u0131r. Bu makineler, \u00f6nceden haz\u0131rlanm\u0131\u015f CAD (Computer-Aided Design) veya CAM (Computer-Aided Manufacturing) yaz\u0131l\u0131mlar\u0131 ile programlan\u0131r. CNC \u0130\u015fleme S\u00fcreci Tasar\u0131m: Par\u00e7a, CAD yaz\u0131l\u0131m\u0131nda tasarlan\u0131r. Programlama: Tasar\u0131m verileri CAM yaz\u0131l\u0131m\u0131na aktar\u0131l\u0131r [&hellip;]\" \/>\n<meta property=\"og:url\" content=\"https:\/\/gdimalat.com.tr\/en\/cnc-isleme\/\" \/>\n<meta property=\"og:site_name\" content=\"GD \u0130malat | Torna\" \/>\n<meta property=\"article:modified_time\" content=\"2024-12-10T01:56:21+00:00\" \/>\n<meta name=\"twitter:card\" content=\"summary_large_image\" \/>\n<meta name=\"twitter:label1\" content=\"Est. reading time\" \/>\n\t<meta name=\"twitter:data1\" content=\"1 minute\" \/>\n<script type=\"application\/ld+json\" class=\"yoast-schema-graph\">{\"@context\":\"https:\/\/schema.org\",\"@graph\":[{\"@type\":\"WebPage\",\"@id\":\"https:\/\/gdimalat.com.tr\/cnc-isleme\/\",\"url\":\"https:\/\/gdimalat.com.tr\/cnc-isleme\/\",\"name\":\"CNC \u0130\u015fleme - GD \u0130malat | Torna\",\"isPartOf\":{\"@id\":\"https:\/\/gdimalat.com.tr\/en\/#website\"},\"datePublished\":\"2024-12-10T01:49:09+00:00\",\"dateModified\":\"2024-12-10T01:56:21+00:00\",\"breadcrumb\":{\"@id\":\"https:\/\/gdimalat.com.tr\/cnc-isleme\/#breadcrumb\"},\"inLanguage\":\"en-US\",\"potentialAction\":[{\"@type\":\"ReadAction\",\"target\":[\"https:\/\/gdimalat.com.tr\/cnc-isleme\/\"]}]},{\"@type\":\"BreadcrumbList\",\"@id\":\"https:\/\/gdimalat.com.tr\/cnc-isleme\/#breadcrumb\",\"itemListElement\":[{\"@type\":\"ListItem\",\"position\":1,\"name\":\"Anasayfa\",\"item\":\"https:\/\/gdimalat.com.tr\/\"},{\"@type\":\"ListItem\",\"position\":2,\"name\":\"CNC \u0130\u015fleme\"}]},{\"@type\":\"WebSite\",\"@id\":\"https:\/\/gdimalat.com.tr\/en\/#website\",\"url\":\"https:\/\/gdimalat.com.tr\/en\/\",\"name\":\"GD \u0130malat | Torna\",\"description\":\"S\u00f6ke Torna \u0130\u015fleme | Tala\u015fl\u0131 \u0130malat | Y\u00fczey \u0130\u015flemleri\",\"publisher\":{\"@id\":\"https:\/\/gdimalat.com.tr\/en\/#organization\"},\"potentialAction\":[{\"@type\":\"SearchAction\",\"target\":{\"@type\":\"EntryPoint\",\"urlTemplate\":\"https:\/\/gdimalat.com.tr\/en\/?s={search_term_string}\"},\"query-input\":{\"@type\":\"PropertyValueSpecification\",\"valueRequired\":true,\"valueName\":\"search_term_string\"}}],\"inLanguage\":\"en-US\"},{\"@type\":\"Organization\",\"@id\":\"https:\/\/gdimalat.com.tr\/en\/#organization\",\"name\":\"GD \u0130malat | Torna\",\"url\":\"https:\/\/gdimalat.com.tr\/en\/\",\"logo\":{\"@type\":\"ImageObject\",\"inLanguage\":\"en-US\",\"@id\":\"https:\/\/gdimalat.com.tr\/en\/#\/schema\/logo\/image\/\",\"url\":\"https:\/\/gdimalat.com.tr\/wp-content\/uploads\/2024\/12\/gd-imalat-torna-mobil-logo.png\",\"contentUrl\":\"https:\/\/gdimalat.com.tr\/wp-content\/uploads\/2024\/12\/gd-imalat-torna-mobil-logo.png\",\"width\":300,\"height\":78,\"caption\":\"GD \u0130malat | Torna\"},\"image\":{\"@id\":\"https:\/\/gdimalat.com.tr\/en\/#\/schema\/logo\/image\/\"}}]}<\/script>\n<!-- \/ Yoast SEO plugin. -->","yoast_head_json":{"title":"CNC \u0130\u015fleme - GD \u0130malat | Torna","robots":{"index":"index","follow":"follow","max-snippet":"max-snippet:-1","max-image-preview":"max-image-preview:large","max-video-preview":"max-video-preview:-1"},"canonical":"https:\/\/gdimalat.com.tr\/en\/cnc-isleme\/","og_locale":"en_US","og_type":"article","og_title":"CNC \u0130\u015fleme - GD \u0130malat | Torna","og_description":"[vc_row][vc_column][vc_column_text]CNC (Computer Numerical Control) i\u015fleme, bilgisayar kontroll\u00fc makinelerle metal, ah\u015fap, plastik gibi malzemelerin i\u015flenmesini sa\u011flayan bir imalat y\u00f6ntemidir. CNC makineleri, hassasiyet ve tekrarlanabilirlik gerektiren par\u00e7alar\u0131n \u00fcretiminde kullan\u0131l\u0131r. Bu makineler, \u00f6nceden haz\u0131rlanm\u0131\u015f CAD (Computer-Aided Design) veya CAM (Computer-Aided Manufacturing) yaz\u0131l\u0131mlar\u0131 ile programlan\u0131r. CNC \u0130\u015fleme S\u00fcreci Tasar\u0131m: Par\u00e7a, CAD yaz\u0131l\u0131m\u0131nda tasarlan\u0131r. Programlama: Tasar\u0131m verileri CAM yaz\u0131l\u0131m\u0131na aktar\u0131l\u0131r [&hellip;]","og_url":"https:\/\/gdimalat.com.tr\/en\/cnc-isleme\/","og_site_name":"GD \u0130malat | Torna","article_modified_time":"2024-12-10T01:56:21+00:00","twitter_card":"summary_large_image","twitter_misc":{"Est. reading time":"1 minute"},"schema":{"@context":"https:\/\/schema.org","@graph":[{"@type":"WebPage","@id":"https:\/\/gdimalat.com.tr\/cnc-isleme\/","url":"https:\/\/gdimalat.com.tr\/cnc-isleme\/","name":"CNC \u0130\u015fleme - GD \u0130malat | Torna","isPartOf":{"@id":"https:\/\/gdimalat.com.tr\/en\/#website"},"datePublished":"2024-12-10T01:49:09+00:00","dateModified":"2024-12-10T01:56:21+00:00","breadcrumb":{"@id":"https:\/\/gdimalat.com.tr\/cnc-isleme\/#breadcrumb"},"inLanguage":"en-US","potentialAction":[{"@type":"ReadAction","target":["https:\/\/gdimalat.com.tr\/cnc-isleme\/"]}]},{"@type":"BreadcrumbList","@id":"https:\/\/gdimalat.com.tr\/cnc-isleme\/#breadcrumb","itemListElement":[{"@type":"ListItem","position":1,"name":"Anasayfa","item":"https:\/\/gdimalat.com.tr\/"},{"@type":"ListItem","position":2,"name":"CNC \u0130\u015fleme"}]},{"@type":"WebSite","@id":"https:\/\/gdimalat.com.tr\/en\/#website","url":"https:\/\/gdimalat.com.tr\/en\/","name":"GD \u0130malat | Torna","description":"S\u00f6ke Torna \u0130\u015fleme | Tala\u015fl\u0131 \u0130malat | Y\u00fczey \u0130\u015flemleri","publisher":{"@id":"https:\/\/gdimalat.com.tr\/en\/#organization"},"potentialAction":[{"@type":"SearchAction","target":{"@type":"EntryPoint","urlTemplate":"https:\/\/gdimalat.com.tr\/en\/?s={search_term_string}"},"query-input":{"@type":"PropertyValueSpecification","valueRequired":true,"valueName":"search_term_string"}}],"inLanguage":"en-US"},{"@type":"Organization","@id":"https:\/\/gdimalat.com.tr\/en\/#organization","name":"GD \u0130malat | Torna","url":"https:\/\/gdimalat.com.tr\/en\/","logo":{"@type":"ImageObject","inLanguage":"en-US","@id":"https:\/\/gdimalat.com.tr\/en\/#\/schema\/logo\/image\/","url":"https:\/\/gdimalat.com.tr\/wp-content\/uploads\/2024\/12\/gd-imalat-torna-mobil-logo.png","contentUrl":"https:\/\/gdimalat.com.tr\/wp-content\/uploads\/2024\/12\/gd-imalat-torna-mobil-logo.png","width":300,"height":78,"caption":"GD \u0130malat | Torna"},"image":{"@id":"https:\/\/gdimalat.com.tr\/en\/#\/schema\/logo\/image\/"}}]}},"_links":{"self":[{"href":"https:\/\/gdimalat.com.tr\/en\/wp-json\/wp\/v2\/pages\/1090","targetHints":{"allow":["GET"]}}],"collection":[{"href":"https:\/\/gdimalat.com.tr\/en\/wp-json\/wp\/v2\/pages"}],"about":[{"href":"https:\/\/gdimalat.com.tr\/en\/wp-json\/wp\/v2\/types\/page"}],"author":[{"embeddable":true,"href":"https:\/\/gdimalat.com.tr\/en\/wp-json\/wp\/v2\/users\/1"}],"replies":[{"embeddable":true,"href":"https:\/\/gdimalat.com.tr\/en\/wp-json\/wp\/v2\/comments?post=1090"}],"version-history":[{"count":4,"href":"https:\/\/gdimalat.com.tr\/en\/wp-json\/wp\/v2\/pages\/1090\/revisions"}],"predecessor-version":[{"id":1096,"href":"https:\/\/gdimalat.com.tr\/en\/wp-json\/wp\/v2\/pages\/1090\/revisions\/1096"}],"wp:attachment":[{"href":"https:\/\/gdimalat.com.tr\/en\/wp-json\/wp\/v2\/media?parent=1090"}],"curies":[{"name":"wp","href":"https:\/\/api.w.org\/{rel}","templated":true}]}}