{"id":1097,"date":"2024-12-10T01:56:38","date_gmt":"2024-12-10T01:56:38","guid":{"rendered":"https:\/\/gdimalat.com.tr\/?page_id=1097"},"modified":"2024-12-10T01:56:38","modified_gmt":"2024-12-10T01:56:38","slug":"yuzey-islemleri","status":"publish","type":"page","link":"https:\/\/gdimalat.com.tr\/en\/yuzey-islemleri\/","title":{"rendered":"Y\u00fczey \u0130\u015flemleri"},"content":{"rendered":"<div class=\"wpb-content-wrapper\"><p>[vc_row][vc_column][vc_column_text]<span style=\"color: #000000;\">Metal y\u00fczey i\u015flemleri, metallerin dayan\u0131kl\u0131l\u0131\u011f\u0131n\u0131, estetik g\u00f6r\u00fcn\u00fcm\u00fcn\u00fc, korozyon direncini veya y\u00fczey \u00f6zelliklerini iyile\u015ftirmek amac\u0131yla uygulanan i\u015flemler b\u00fct\u00fcn\u00fcd\u00fcr. Bu i\u015flemler, metal par\u00e7alar\u0131n end\u00fcstriyel veya dekoratif ama\u00e7larla istenen \u00f6zelliklere kavu\u015fmas\u0131n\u0131 sa\u011flar.<\/span><\/p>\n<h3><span style=\"color: #000000;\">Metal Y\u00fczey \u0130\u015flem T\u00fcrleri<\/span><\/h3>\n<ol>\n<li><span style=\"color: #000000;\"><strong>Mekanik \u0130\u015flemler:<\/strong><\/span>\n<ul>\n<li><span style=\"color: #000000;\"><strong>Z\u0131mparalama ve Polisaj:<\/strong> Metal y\u00fczeylerin p\u00fcr\u00fczs\u00fczle\u015ftirilmesi ve parlat\u0131lmas\u0131.<\/span><\/li>\n<li><span style=\"color: #000000;\"><strong>Kumlama:<\/strong> Y\u00fczeydeki oksit tabakalar\u0131n\u0131, kirleri veya boya kal\u0131nt\u0131lar\u0131n\u0131 temizlemek.<\/span><\/li>\n<li><span style=\"color: #000000;\"><strong>F\u0131r\u00e7alama:<\/strong> Mat bir g\u00f6r\u00fcn\u00fcm i\u00e7in y\u00fczeyde \u00e7izgisel izler olu\u015fturma.<\/span><\/li>\n<\/ul>\n<\/li>\n<li><span style=\"color: #000000;\"><strong>Kimyasal \u0130\u015flemler:<\/strong><\/span>\n<ul>\n<li><span style=\"color: #000000;\"><strong>Asitleme (Pickling):<\/strong> Y\u00fczeydeki oksitlerin veya kirliliklerin kimyasal olarak uzakla\u015ft\u0131r\u0131lmas\u0131.<\/span><\/li>\n<li><span style=\"color: #000000;\"><strong>Pasivasyon:<\/strong> Metalin korozyona kar\u015f\u0131 diren\u00e7li hale getirilmesi.<\/span><\/li>\n<\/ul>\n<\/li>\n<li><span style=\"color: #000000;\"><strong>Kaplama \u0130\u015flemleri:<\/strong><\/span>\n<ul>\n<li><span style=\"color: #000000;\"><strong>Galvanizleme:<\/strong> \u00c7inko kaplama ile korozyona kar\u015f\u0131 koruma.<\/span><\/li>\n<li><span style=\"color: #000000;\"><strong>Krom veya Nikel Kaplama:<\/strong> Parlakl\u0131k ve korozyon direnci sa\u011flama.<\/span><\/li>\n<li><span style=\"color: #000000;\"><strong>Toz Boya:<\/strong> Estetik ve dayan\u0131kl\u0131 bir kaplama olu\u015fturma.<\/span><\/li>\n<\/ul>\n<\/li>\n<li><span style=\"color: #000000;\"><strong>Is\u0131l \u0130\u015flemler:<\/strong><\/span>\n<ul>\n<li><span style=\"color: #000000;\"><strong>Anodizasyon:<\/strong> Al\u00fcminyum gibi metallerin y\u00fczeyinde sert ve koruyucu bir tabaka olu\u015fturma.<\/span><\/li>\n<li><span style=\"color: #000000;\"><strong>Nitrasyon:<\/strong> \u00c7elik y\u00fczeylerinin sertle\u015ftirilmesi.<\/span><\/li>\n<\/ul>\n<\/li>\n<\/ol>\n<h3><span style=\"color: #000000;\">Avantajlar\u0131<\/span><\/h3>\n<ul>\n<li><span style=\"color: #000000;\"><strong>Korozyon Direnci:<\/strong> Metalin \u00f6mr\u00fcn\u00fc uzat\u0131r.<\/span><\/li>\n<li><span style=\"color: #000000;\"><strong>Estetik G\u00f6r\u00fcn\u00fcm:<\/strong> Parlakl\u0131k, matl\u0131k veya renkli y\u00fczeyler sa\u011flar.<\/span><\/li>\n<li><span style=\"color: #000000;\"><strong>A\u015f\u0131nma Dayan\u0131m\u0131:<\/strong> Y\u00fczeyin mekanik dayan\u0131kl\u0131l\u0131\u011f\u0131n\u0131 art\u0131r\u0131r.<\/span><\/li>\n<\/ul>\n<p><span style=\"color: #000000;\">Metal y\u00fczey i\u015flemleri, otomotiv, havac\u0131l\u0131k, beyaz e\u015fya, in\u015faat ve dekorasyon gibi bir\u00e7ok sekt\u00f6rde kritik bir rol oynar.<\/span><\/p>\n<p><strong><span style=\"color: #000000;\">Bilgi i\u00e7in web sitemizde bulunan ileti\u015fim se\u00e7eneklerinden bize ula\u015fabilirsiniz.\u00a0<\/span><\/strong>[\/vc_column_text][vc_empty_space][\/vc_column][\/vc_row]<\/p>\n<\/div>","protected":false},"excerpt":{"rendered":"<p>[vc_row][vc_column][vc_column_text]Metal y\u00fczey i\u015flemleri, metallerin dayan\u0131kl\u0131l\u0131\u011f\u0131n\u0131, estetik g\u00f6r\u00fcn\u00fcm\u00fcn\u00fc, korozyon direncini veya y\u00fczey \u00f6zelliklerini iyile\u015ftirmek amac\u0131yla uygulanan i\u015flemler b\u00fct\u00fcn\u00fcd\u00fcr. Bu i\u015flemler, metal par\u00e7alar\u0131n end\u00fcstriyel veya dekoratif ama\u00e7larla istenen \u00f6zelliklere kavu\u015fmas\u0131n\u0131 sa\u011flar. Metal Y\u00fczey \u0130\u015flem T\u00fcrleri Mekanik \u0130\u015flemler: Z\u0131mparalama ve Polisaj: Metal y\u00fczeylerin p\u00fcr\u00fczs\u00fczle\u015ftirilmesi ve parlat\u0131lmas\u0131. Kumlama: Y\u00fczeydeki oksit tabakalar\u0131n\u0131, kirleri veya boya kal\u0131nt\u0131lar\u0131n\u0131 temizlemek. F\u0131r\u00e7alama: Mat bir [&hellip;]<\/p>\n","protected":false},"author":1,"featured_media":0,"parent":0,"menu_order":0,"comment_status":"closed","ping_status":"closed","template":"","meta":{"footnotes":""},"class_list":["post-1097","page","type-page","status-publish","hentry"],"yoast_head":"<!-- This site is optimized with the Yoast SEO plugin v24.1 - https:\/\/yoast.com\/wordpress\/plugins\/seo\/ -->\n<title>Y\u00fczey \u0130\u015flemleri - GD \u0130malat | Torna<\/title>\n<meta name=\"robots\" content=\"index, follow, max-snippet:-1, max-image-preview:large, max-video-preview:-1\" \/>\n<link rel=\"canonical\" href=\"https:\/\/gdimalat.com.tr\/en\/yuzey-islemleri\/\" \/>\n<meta property=\"og:locale\" content=\"en_US\" \/>\n<meta property=\"og:locale:alternate\" content=\"tr_TR\" \/>\n<meta property=\"og:type\" content=\"article\" \/>\n<meta property=\"og:title\" content=\"Y\u00fczey \u0130\u015flemleri - GD \u0130malat | Torna\" \/>\n<meta property=\"og:description\" content=\"[vc_row][vc_column][vc_column_text]Metal y\u00fczey i\u015flemleri, metallerin dayan\u0131kl\u0131l\u0131\u011f\u0131n\u0131, estetik g\u00f6r\u00fcn\u00fcm\u00fcn\u00fc, korozyon direncini veya y\u00fczey \u00f6zelliklerini iyile\u015ftirmek amac\u0131yla uygulanan i\u015flemler b\u00fct\u00fcn\u00fcd\u00fcr. Bu i\u015flemler, metal par\u00e7alar\u0131n end\u00fcstriyel veya dekoratif ama\u00e7larla istenen \u00f6zelliklere kavu\u015fmas\u0131n\u0131 sa\u011flar. Metal Y\u00fczey \u0130\u015flem T\u00fcrleri Mekanik \u0130\u015flemler: Z\u0131mparalama ve Polisaj: Metal y\u00fczeylerin p\u00fcr\u00fczs\u00fczle\u015ftirilmesi ve parlat\u0131lmas\u0131. Kumlama: Y\u00fczeydeki oksit tabakalar\u0131n\u0131, kirleri veya boya kal\u0131nt\u0131lar\u0131n\u0131 temizlemek. F\u0131r\u00e7alama: Mat bir [&hellip;]\" \/>\n<meta property=\"og:url\" content=\"https:\/\/gdimalat.com.tr\/en\/yuzey-islemleri\/\" \/>\n<meta property=\"og:site_name\" content=\"GD \u0130malat | Torna\" \/>\n<meta name=\"twitter:card\" content=\"summary_large_image\" \/>\n<meta name=\"twitter:label1\" content=\"Est. reading time\" \/>\n\t<meta name=\"twitter:data1\" content=\"1 minute\" \/>\n<script type=\"application\/ld+json\" class=\"yoast-schema-graph\">{\"@context\":\"https:\/\/schema.org\",\"@graph\":[{\"@type\":\"WebPage\",\"@id\":\"https:\/\/gdimalat.com.tr\/yuzey-islemleri\/\",\"url\":\"https:\/\/gdimalat.com.tr\/yuzey-islemleri\/\",\"name\":\"Y\u00fczey \u0130\u015flemleri - GD \u0130malat | Torna\",\"isPartOf\":{\"@id\":\"https:\/\/gdimalat.com.tr\/en\/#website\"},\"datePublished\":\"2024-12-10T01:56:38+00:00\",\"dateModified\":\"2024-12-10T01:56:38+00:00\",\"breadcrumb\":{\"@id\":\"https:\/\/gdimalat.com.tr\/yuzey-islemleri\/#breadcrumb\"},\"inLanguage\":\"en-US\",\"potentialAction\":[{\"@type\":\"ReadAction\",\"target\":[\"https:\/\/gdimalat.com.tr\/yuzey-islemleri\/\"]}]},{\"@type\":\"BreadcrumbList\",\"@id\":\"https:\/\/gdimalat.com.tr\/yuzey-islemleri\/#breadcrumb\",\"itemListElement\":[{\"@type\":\"ListItem\",\"position\":1,\"name\":\"Anasayfa\",\"item\":\"https:\/\/gdimalat.com.tr\/\"},{\"@type\":\"ListItem\",\"position\":2,\"name\":\"Y\u00fczey \u0130\u015flemleri\"}]},{\"@type\":\"WebSite\",\"@id\":\"https:\/\/gdimalat.com.tr\/en\/#website\",\"url\":\"https:\/\/gdimalat.com.tr\/en\/\",\"name\":\"GD \u0130malat | Torna\",\"description\":\"S\u00f6ke Torna \u0130\u015fleme | Tala\u015fl\u0131 \u0130malat | Y\u00fczey \u0130\u015flemleri\",\"publisher\":{\"@id\":\"https:\/\/gdimalat.com.tr\/en\/#organization\"},\"potentialAction\":[{\"@type\":\"SearchAction\",\"target\":{\"@type\":\"EntryPoint\",\"urlTemplate\":\"https:\/\/gdimalat.com.tr\/en\/?s={search_term_string}\"},\"query-input\":{\"@type\":\"PropertyValueSpecification\",\"valueRequired\":true,\"valueName\":\"search_term_string\"}}],\"inLanguage\":\"en-US\"},{\"@type\":\"Organization\",\"@id\":\"https:\/\/gdimalat.com.tr\/en\/#organization\",\"name\":\"GD \u0130malat | Torna\",\"url\":\"https:\/\/gdimalat.com.tr\/en\/\",\"logo\":{\"@type\":\"ImageObject\",\"inLanguage\":\"en-US\",\"@id\":\"https:\/\/gdimalat.com.tr\/en\/#\/schema\/logo\/image\/\",\"url\":\"https:\/\/gdimalat.com.tr\/wp-content\/uploads\/2024\/12\/gd-imalat-torna-mobil-logo.png\",\"contentUrl\":\"https:\/\/gdimalat.com.tr\/wp-content\/uploads\/2024\/12\/gd-imalat-torna-mobil-logo.png\",\"width\":300,\"height\":78,\"caption\":\"GD \u0130malat | Torna\"},\"image\":{\"@id\":\"https:\/\/gdimalat.com.tr\/en\/#\/schema\/logo\/image\/\"}}]}<\/script>\n<!-- \/ Yoast SEO plugin. -->","yoast_head_json":{"title":"Y\u00fczey \u0130\u015flemleri - GD \u0130malat | Torna","robots":{"index":"index","follow":"follow","max-snippet":"max-snippet:-1","max-image-preview":"max-image-preview:large","max-video-preview":"max-video-preview:-1"},"canonical":"https:\/\/gdimalat.com.tr\/en\/yuzey-islemleri\/","og_locale":"en_US","og_type":"article","og_title":"Y\u00fczey \u0130\u015flemleri - GD \u0130malat | Torna","og_description":"[vc_row][vc_column][vc_column_text]Metal y\u00fczey i\u015flemleri, metallerin dayan\u0131kl\u0131l\u0131\u011f\u0131n\u0131, estetik g\u00f6r\u00fcn\u00fcm\u00fcn\u00fc, korozyon direncini veya y\u00fczey \u00f6zelliklerini iyile\u015ftirmek amac\u0131yla uygulanan i\u015flemler b\u00fct\u00fcn\u00fcd\u00fcr. Bu i\u015flemler, metal par\u00e7alar\u0131n end\u00fcstriyel veya dekoratif ama\u00e7larla istenen \u00f6zelliklere kavu\u015fmas\u0131n\u0131 sa\u011flar. Metal Y\u00fczey \u0130\u015flem T\u00fcrleri Mekanik \u0130\u015flemler: Z\u0131mparalama ve Polisaj: Metal y\u00fczeylerin p\u00fcr\u00fczs\u00fczle\u015ftirilmesi ve parlat\u0131lmas\u0131. Kumlama: Y\u00fczeydeki oksit tabakalar\u0131n\u0131, kirleri veya boya kal\u0131nt\u0131lar\u0131n\u0131 temizlemek. F\u0131r\u00e7alama: Mat bir [&hellip;]","og_url":"https:\/\/gdimalat.com.tr\/en\/yuzey-islemleri\/","og_site_name":"GD \u0130malat | Torna","twitter_card":"summary_large_image","twitter_misc":{"Est. reading time":"1 minute"},"schema":{"@context":"https:\/\/schema.org","@graph":[{"@type":"WebPage","@id":"https:\/\/gdimalat.com.tr\/yuzey-islemleri\/","url":"https:\/\/gdimalat.com.tr\/yuzey-islemleri\/","name":"Y\u00fczey \u0130\u015flemleri - GD \u0130malat | Torna","isPartOf":{"@id":"https:\/\/gdimalat.com.tr\/en\/#website"},"datePublished":"2024-12-10T01:56:38+00:00","dateModified":"2024-12-10T01:56:38+00:00","breadcrumb":{"@id":"https:\/\/gdimalat.com.tr\/yuzey-islemleri\/#breadcrumb"},"inLanguage":"en-US","potentialAction":[{"@type":"ReadAction","target":["https:\/\/gdimalat.com.tr\/yuzey-islemleri\/"]}]},{"@type":"BreadcrumbList","@id":"https:\/\/gdimalat.com.tr\/yuzey-islemleri\/#breadcrumb","itemListElement":[{"@type":"ListItem","position":1,"name":"Anasayfa","item":"https:\/\/gdimalat.com.tr\/"},{"@type":"ListItem","position":2,"name":"Y\u00fczey \u0130\u015flemleri"}]},{"@type":"WebSite","@id":"https:\/\/gdimalat.com.tr\/en\/#website","url":"https:\/\/gdimalat.com.tr\/en\/","name":"GD \u0130malat | Torna","description":"S\u00f6ke Torna \u0130\u015fleme | Tala\u015fl\u0131 \u0130malat | Y\u00fczey \u0130\u015flemleri","publisher":{"@id":"https:\/\/gdimalat.com.tr\/en\/#organization"},"potentialAction":[{"@type":"SearchAction","target":{"@type":"EntryPoint","urlTemplate":"https:\/\/gdimalat.com.tr\/en\/?s={search_term_string}"},"query-input":{"@type":"PropertyValueSpecification","valueRequired":true,"valueName":"search_term_string"}}],"inLanguage":"en-US"},{"@type":"Organization","@id":"https:\/\/gdimalat.com.tr\/en\/#organization","name":"GD \u0130malat | Torna","url":"https:\/\/gdimalat.com.tr\/en\/","logo":{"@type":"ImageObject","inLanguage":"en-US","@id":"https:\/\/gdimalat.com.tr\/en\/#\/schema\/logo\/image\/","url":"https:\/\/gdimalat.com.tr\/wp-content\/uploads\/2024\/12\/gd-imalat-torna-mobil-logo.png","contentUrl":"https:\/\/gdimalat.com.tr\/wp-content\/uploads\/2024\/12\/gd-imalat-torna-mobil-logo.png","width":300,"height":78,"caption":"GD \u0130malat | Torna"},"image":{"@id":"https:\/\/gdimalat.com.tr\/en\/#\/schema\/logo\/image\/"}}]}},"_links":{"self":[{"href":"https:\/\/gdimalat.com.tr\/en\/wp-json\/wp\/v2\/pages\/1097","targetHints":{"allow":["GET"]}}],"collection":[{"href":"https:\/\/gdimalat.com.tr\/en\/wp-json\/wp\/v2\/pages"}],"about":[{"href":"https:\/\/gdimalat.com.tr\/en\/wp-json\/wp\/v2\/types\/page"}],"author":[{"embeddable":true,"href":"https:\/\/gdimalat.com.tr\/en\/wp-json\/wp\/v2\/users\/1"}],"replies":[{"embeddable":true,"href":"https:\/\/gdimalat.com.tr\/en\/wp-json\/wp\/v2\/comments?post=1097"}],"version-history":[{"count":1,"href":"https:\/\/gdimalat.com.tr\/en\/wp-json\/wp\/v2\/pages\/1097\/revisions"}],"predecessor-version":[{"id":1098,"href":"https:\/\/gdimalat.com.tr\/en\/wp-json\/wp\/v2\/pages\/1097\/revisions\/1098"}],"wp:attachment":[{"href":"https:\/\/gdimalat.com.tr\/en\/wp-json\/wp\/v2\/media?parent=1097"}],"curies":[{"name":"wp","href":"https:\/\/api.w.org\/{rel}","templated":true}]}}